{"id":50355,"date":"2025-07-20T18:22:24","date_gmt":"2025-07-20T16:22:24","guid":{"rendered":"https:\/\/casacumbia.com\/product\/carnet-de-notes-a-couverture-rigide-pointille-motif-oiseau-a5-summer-shades\/"},"modified":"2025-09-21T15:15:06","modified_gmt":"2025-09-21T13:15:06","slug":"carnet-de-notes-a-couverture-rigide-pointille-motif-oiseau-a5-summer-shades","status":"publish","type":"product","link":"https:\/\/casacumbia.com\/en\/produit\/carnet-de-notes-a-couverture-rigide-pointille-motif-oiseau-a5-summer-shades\/","title":{"rendered":"Carnet Couverture Rigide Pointill\u00e9 Oiseau A5 SUMMER SHADES"},"content":{"rendered":"<p><span data-sheets-root=\"1\">Cette collection est une continuation de la capsule \u00ab Summer Shades \u00bb, qui en 2022 comprenait des chapeaux de soleil et des serviettes de plage. Notre proposition est maintenant d&#8217;apporter une nouvelle vie aux motifs tropicaux dans d&#8217;autres types de produits, comme les carnets et les accessoires en n\u00e9opr\u00e8ne.  <br \/>Chaque motif de cette collection pr\u00e9sente des illustrations d&#8217;\u00e9l\u00e9ments de la faune et de la flore de 2 lieux du monde au style de vie baln\u00e9aire marquant : la Californie et le Sri Lanka. La coloration de chaque th\u00e8me est essentielle pour diff\u00e9rencier chacun des th\u00e8mes. <\/span><\/p>\n","protected":false},"excerpt":{"rendered":"<p>Cette collection est une continuation de la capsule \u00ab Summer Shades \u00bb, qui en 2022 comprenait des chapeaux de soleil<\/p>\n","protected":false},"featured_media":34558,"comment_status":"closed","ping_status":"closed","template":"","meta":[],"product_brand":[],"product_cat":[240,204],"product_tag":[181,176,166],"class_list":{"0":"post-50355","1":"product","2":"type-product","3":"status-publish","4":"has-post-thumbnail","6":"product_cat-plaids","7":"product_cat-promotions-2","8":"product_tag-integre-pim","9":"product_tag-petites-dimensions","10":"product_tag-produits-en-ligne","12":"first","13":"instock","14":"sale","15":"shipping-taxable","16":"purchasable","17":"product-type-simple"},"_links":{"self":[{"href":"https:\/\/casacumbia.com\/en\/wp-json\/wp\/v2\/product\/50355","targetHints":{"allow":["GET"]}}],"collection":[{"href":"https:\/\/casacumbia.com\/en\/wp-json\/wp\/v2\/product"}],"about":[{"href":"https:\/\/casacumbia.com\/en\/wp-json\/wp\/v2\/types\/product"}],"replies":[{"embeddable":true,"href":"https:\/\/casacumbia.com\/en\/wp-json\/wp\/v2\/comments?post=50355"}],"version-history":[{"count":1,"href":"https:\/\/casacumbia.com\/en\/wp-json\/wp\/v2\/product\/50355\/revisions"}],"predecessor-version":[{"id":53380,"href":"https:\/\/casacumbia.com\/en\/wp-json\/wp\/v2\/product\/50355\/revisions\/53380"}],"wp:featuredmedia":[{"embeddable":true,"href":"https:\/\/casacumbia.com\/en\/wp-json\/wp\/v2\/media\/34558"}],"wp:attachment":[{"href":"https:\/\/casacumbia.com\/en\/wp-json\/wp\/v2\/media?parent=50355"}],"wp:term":[{"taxonomy":"product_brand","embeddable":true,"href":"https:\/\/casacumbia.com\/en\/wp-json\/wp\/v2\/product_brand?post=50355"},{"taxonomy":"product_cat","embeddable":true,"href":"https:\/\/casacumbia.com\/en\/wp-json\/wp\/v2\/product_cat?post=50355"},{"taxonomy":"product_tag","embeddable":true,"href":"https:\/\/casacumbia.com\/en\/wp-json\/wp\/v2\/product_tag?post=50355"}],"curies":[{"name":"wp","href":"https:\/\/api.w.org\/{rel}","templated":true}]}}