{"id":50341,"date":"2025-07-20T18:22:36","date_gmt":"2025-07-20T16:22:36","guid":{"rendered":"https:\/\/casacumbia.com\/product\/boite-livre-bleu-bright-sky\/"},"modified":"2025-09-21T15:15:04","modified_gmt":"2025-09-21T13:15:04","slug":"boite-livre-bleu-bright-sky","status":"publish","type":"product","link":"https:\/\/casacumbia.com\/en\/produit\/boite-livre-bleu-bright-sky\/","title":{"rendered":"Bo\u00eete Livre Bleu BRIGHT SKY"},"content":{"rendered":"<p>La Collection BRIGHT SKY na\u00eet de l&#8217;inspiration du ciel et de la recherche de l&#8217;\u00e9clat r\u00e9confortant du Soleil, du reflet magique des \u00c9toiles et de l&#8217;ind\u00e9niable myst\u00e8re associ\u00e9 \u00e0 la Lune. C&#8217;est un Cadeau Universel, qui pointe vers plusieurs directions et ne se limite pas seulement \u00e0 No\u00ebl. Les pi\u00e8ces sont riches en image visuelle avec des graphismes simplistes et des tons brillants, qui repr\u00e9sentent les constelations et l&#8217;Astrologie, transmettant un sentiment de s\u00e9r\u00e9nit\u00e9.<\/p>\n","protected":false},"excerpt":{"rendered":"<p>La Collection BRIGHT SKY na\u00eet de l&#8217;inspiration du ciel et de la recherche de l&#8217;\u00e9clat r\u00e9confortant du Soleil, du reflet<\/p>\n","protected":false},"featured_media":34625,"comment_status":"closed","ping_status":"closed","template":"","meta":[],"product_brand":[],"product_cat":[260,204],"product_tag":[181,176,166],"class_list":{"0":"post-50341","1":"product","2":"type-product","3":"status-publish","4":"has-post-thumbnail","6":"product_cat-objetdecoratifs","7":"product_cat-promotions-2","8":"product_tag-integre-pim","9":"product_tag-petites-dimensions","10":"product_tag-produits-en-ligne","12":"first","13":"instock","14":"sale","15":"shipping-taxable","16":"purchasable","17":"product-type-simple"},"_links":{"self":[{"href":"https:\/\/casacumbia.com\/en\/wp-json\/wp\/v2\/product\/50341","targetHints":{"allow":["GET"]}}],"collection":[{"href":"https:\/\/casacumbia.com\/en\/wp-json\/wp\/v2\/product"}],"about":[{"href":"https:\/\/casacumbia.com\/en\/wp-json\/wp\/v2\/types\/product"}],"replies":[{"embeddable":true,"href":"https:\/\/casacumbia.com\/en\/wp-json\/wp\/v2\/comments?post=50341"}],"version-history":[{"count":1,"href":"https:\/\/casacumbia.com\/en\/wp-json\/wp\/v2\/product\/50341\/revisions"}],"predecessor-version":[{"id":52224,"href":"https:\/\/casacumbia.com\/en\/wp-json\/wp\/v2\/product\/50341\/revisions\/52224"}],"wp:featuredmedia":[{"embeddable":true,"href":"https:\/\/casacumbia.com\/en\/wp-json\/wp\/v2\/media\/34625"}],"wp:attachment":[{"href":"https:\/\/casacumbia.com\/en\/wp-json\/wp\/v2\/media?parent=50341"}],"wp:term":[{"taxonomy":"product_brand","embeddable":true,"href":"https:\/\/casacumbia.com\/en\/wp-json\/wp\/v2\/product_brand?post=50341"},{"taxonomy":"product_cat","embeddable":true,"href":"https:\/\/casacumbia.com\/en\/wp-json\/wp\/v2\/product_cat?post=50341"},{"taxonomy":"product_tag","embeddable":true,"href":"https:\/\/casacumbia.com\/en\/wp-json\/wp\/v2\/product_tag?post=50341"}],"curies":[{"name":"wp","href":"https:\/\/api.w.org\/{rel}","templated":true}]}}