{"id":50327,"date":"2025-07-20T18:17:48","date_gmt":"2025-07-20T16:17:48","guid":{"rendered":"https:\/\/casacumbia.com\/product\/verre-a-pied-ligne-san-marino\/"},"modified":"2025-09-21T15:14:59","modified_gmt":"2025-09-21T13:14:59","slug":"verre-a-pied-ligne-san-marino","status":"publish","type":"product","link":"https:\/\/casacumbia.com\/en\/produit\/verre-a-pied-ligne-san-marino\/","title":{"rendered":"Verre \u00e0 pied Lignes SAN MARINO"},"content":{"rendered":"<p>Inspir\u00e9e par l&#8217;\u00e9l\u00e9gance des villes c\u00f4ti\u00e8res m\u00e9diterran\u00e9ennes et par l&#8217;esprit de c\u00e9l\u00e9bration des grandes rencontres, la San Marino est une collection qui allie des formes sculpturales \u00e0 un raffinement contemporain.<br \/>Chaque verre a \u00e9t\u00e9 con\u00e7u pour valoriser l&#8217;exp\u00e9rience de boire \u2014 qu&#8217;il s&#8217;agisse d&#8217;un vin, d&#8217;un cocktail ou d&#8217;un simple jus au coucher du soleil. Les lignes verticales en relief conf\u00e8rent une l\u00e9g\u00e8ret\u00e9 visuelle et captent la lumi\u00e8re de mani\u00e8re subtile, comme les vagues qui se brisent contre les pierres. <\/p>\n","protected":false},"excerpt":{"rendered":"<p>Inspir\u00e9e par l&#8217;\u00e9l\u00e9gance des villes c\u00f4ti\u00e8res m\u00e9diterran\u00e9ennes et par l&#8217;esprit de c\u00e9l\u00e9bration des grandes rencontres, la San Marino est une<\/p>\n","protected":false},"featured_media":31111,"comment_status":"closed","ping_status":"closed","template":"","meta":[],"product_brand":[],"product_cat":[255],"product_tag":[166],"class_list":{"0":"post-50327","1":"product","2":"type-product","3":"status-publish","4":"has-post-thumbnail","6":"product_cat-verres","7":"product_tag-produits-en-ligne","9":"first","10":"instock","11":"shipping-taxable","12":"purchasable","13":"product-type-simple"},"_links":{"self":[{"href":"https:\/\/casacumbia.com\/en\/wp-json\/wp\/v2\/product\/50327","targetHints":{"allow":["GET"]}}],"collection":[{"href":"https:\/\/casacumbia.com\/en\/wp-json\/wp\/v2\/product"}],"about":[{"href":"https:\/\/casacumbia.com\/en\/wp-json\/wp\/v2\/types\/product"}],"replies":[{"embeddable":true,"href":"https:\/\/casacumbia.com\/en\/wp-json\/wp\/v2\/comments?post=50327"}],"version-history":[{"count":1,"href":"https:\/\/casacumbia.com\/en\/wp-json\/wp\/v2\/product\/50327\/revisions"}],"predecessor-version":[{"id":52743,"href":"https:\/\/casacumbia.com\/en\/wp-json\/wp\/v2\/product\/50327\/revisions\/52743"}],"wp:featuredmedia":[{"embeddable":true,"href":"https:\/\/casacumbia.com\/en\/wp-json\/wp\/v2\/media\/31111"}],"wp:attachment":[{"href":"https:\/\/casacumbia.com\/en\/wp-json\/wp\/v2\/media?parent=50327"}],"wp:term":[{"taxonomy":"product_brand","embeddable":true,"href":"https:\/\/casacumbia.com\/en\/wp-json\/wp\/v2\/product_brand?post=50327"},{"taxonomy":"product_cat","embeddable":true,"href":"https:\/\/casacumbia.com\/en\/wp-json\/wp\/v2\/product_cat?post=50327"},{"taxonomy":"product_tag","embeddable":true,"href":"https:\/\/casacumbia.com\/en\/wp-json\/wp\/v2\/product_tag?post=50327"}],"curies":[{"name":"wp","href":"https:\/\/api.w.org\/{rel}","templated":true}]}}