{"id":50323,"date":"2025-07-20T18:19:38","date_gmt":"2025-07-20T16:19:38","guid":{"rendered":"https:\/\/casacumbia.com\/product\/mug-rock-chat-du-rock\/"},"modified":"2025-09-21T15:14:58","modified_gmt":"2025-09-21T13:14:58","slug":"mug-rock-chat-du-rock","status":"publish","type":"product","link":"https:\/\/casacumbia.com\/en\/produit\/mug-rock-chat-du-rock\/","title":{"rendered":"Mug Rock CHAT DU ROCK"},"content":{"rendered":"<p>Comme cela s&#8217;est produit en 2022, le casacumbia s&#8217;associe \u00e0 nouveau au Rock in Rio en 2024.<br \/>Inspir\u00e9e par le Rock In Rio, qui depuis ses d\u00e9buts a accueilli de grandes ic\u00f4nes du Rock au Pop, cette proposition na\u00eet de la fusion de l&#8217;ADN du casacumbia avec celui du Rock in Rio.<br \/>Dans la collection Chats du Rock, nous caract\u00e9risons 4 styles de musique toujours pr\u00e9sents au Rock in Rio : Funk, Pop, Rock et MPB. Nous avons recherch\u00e9 des \u00e9l\u00e9ments et des couleurs qui identifient chacun des th\u00e8mes. Le Pop avec le rose et un motif avec les disques de la culture Pop, le Funk avec le jaune fluo et un motif g\u00e9om\u00e9trique aux couleurs vibrantes associ\u00e9es \u00e0 ce th\u00e8me, le Rock avec le bleu et un motif inspir\u00e9 du symbole de la foudre si associ\u00e9 au Rock et \u00e0 David Bowie, et la MPB avec le vert et le motif inspir\u00e9 de la v\u00e9g\u00e9tation et des vues a\u00e9riennes du Br\u00e9sil o\u00f9 les touches g\u00e9om\u00e9triques lui conf\u00e8rent une modernit\u00e9 intemporelle.  <\/p>\n","protected":false},"excerpt":{"rendered":"<p>Comme cela s&#8217;est produit en 2022, le casacumbia s&#8217;associe \u00e0 nouveau au Rock in Rio en 2024.Inspir\u00e9e par le Rock<\/p>\n","protected":false},"featured_media":32337,"comment_status":"closed","ping_status":"closed","template":"","meta":[],"product_brand":[],"product_cat":[185,174,204,284],"product_tag":[181,176,166],"class_list":{"0":"post-50323","1":"product","2":"type-product","3":"status-publish","4":"has-post-thumbnail","6":"product_cat-pet-2","7":"product_cat-kitchen-2","8":"product_cat-promotions-2","9":"product_cat-tasses-mugs","10":"product_tag-integre-pim","11":"product_tag-petites-dimensions","12":"product_tag-produits-en-ligne","14":"first","15":"instock","16":"sale","17":"shipping-taxable","18":"purchasable","19":"product-type-simple"},"_links":{"self":[{"href":"https:\/\/casacumbia.com\/en\/wp-json\/wp\/v2\/product\/50323","targetHints":{"allow":["GET"]}}],"collection":[{"href":"https:\/\/casacumbia.com\/en\/wp-json\/wp\/v2\/product"}],"about":[{"href":"https:\/\/casacumbia.com\/en\/wp-json\/wp\/v2\/types\/product"}],"replies":[{"embeddable":true,"href":"https:\/\/casacumbia.com\/en\/wp-json\/wp\/v2\/comments?post=50323"}],"version-history":[{"count":2,"href":"https:\/\/casacumbia.com\/en\/wp-json\/wp\/v2\/product\/50323\/revisions"}],"predecessor-version":[{"id":54131,"href":"https:\/\/casacumbia.com\/en\/wp-json\/wp\/v2\/product\/50323\/revisions\/54131"}],"wp:featuredmedia":[{"embeddable":true,"href":"https:\/\/casacumbia.com\/en\/wp-json\/wp\/v2\/media\/32337"}],"wp:attachment":[{"href":"https:\/\/casacumbia.com\/en\/wp-json\/wp\/v2\/media?parent=50323"}],"wp:term":[{"taxonomy":"product_brand","embeddable":true,"href":"https:\/\/casacumbia.com\/en\/wp-json\/wp\/v2\/product_brand?post=50323"},{"taxonomy":"product_cat","embeddable":true,"href":"https:\/\/casacumbia.com\/en\/wp-json\/wp\/v2\/product_cat?post=50323"},{"taxonomy":"product_tag","embeddable":true,"href":"https:\/\/casacumbia.com\/en\/wp-json\/wp\/v2\/product_tag?post=50323"}],"curies":[{"name":"wp","href":"https:\/\/api.w.org\/{rel}","templated":true}]}}