{"id":50322,"date":"2025-07-20T18:19:12","date_gmt":"2025-07-20T16:19:12","guid":{"rendered":"https:\/\/casacumbia.com\/product\/assiette-de-presentation-verte-celebration\/"},"modified":"2025-09-21T15:14:58","modified_gmt":"2025-09-21T13:14:58","slug":"assiette-de-presentation-verte-celebration","status":"publish","type":"product","link":"https:\/\/casacumbia.com\/en\/produit\/assiette-de-presentation-verte-celebration\/","title":{"rendered":"Assiette de pr\u00e9sentation verte CELEBRATION"},"content":{"rendered":"<p>La collection CELEBRATION est une collection inspir\u00e9e de la grenade, qui est consid\u00e9r\u00e9e comme une relique sacr\u00e9e de la nature en plus d&#8217;\u00eatre le symbole de la f\u00e9condit\u00e9 et de la fertilit\u00e9, car elle poss\u00e8de une grande quantit\u00e9 de graines.<\/p>\n<p>Na\u00eet ainsi un service d&#8217;accompagnement pour la table de No\u00ebl en porcelaine new bone china martel\u00e9e, avec des motifs imprim\u00e9s peints \u00e0 l&#8217;aquarelle, et appliqu\u00e9s sur les pi\u00e8ces avec des d\u00e9tails dor\u00e9s. En outre, des vases d\u00e9coratifs avec un moule original en gr\u00e8s ont \u00e9galement \u00e9t\u00e9 con\u00e7us pour compl\u00e9ter la table et en faire une c\u00e9l\u00e9bration de la symbolique associ\u00e9e \u00e0 ce fruit et \u00e0 la p\u00e9riode o\u00f9 il s&#8217;inscrit. <\/p>\n<p>Curiosit\u00e9 : En Espagne, il est de tradition que ce fruit soit consomm\u00e9 le jour des Rois, le 6 janvier.<\/p>\n<p>Composition : New Bone China<\/p>\n","protected":false},"excerpt":{"rendered":"<p>La collection CELEBRATION est une collection inspir\u00e9e de la grenade, qui est consid\u00e9r\u00e9e comme une relique sacr\u00e9e de la nature<\/p>\n","protected":false},"featured_media":32040,"comment_status":"closed","ping_status":"closed","template":"","meta":[],"product_brand":[],"product_cat":[283,174,204],"product_tag":[181,176,166],"class_list":{"0":"post-50322","1":"product","2":"type-product","3":"status-publish","4":"has-post-thumbnail","6":"product_cat-assiettes","7":"product_cat-kitchen-2","8":"product_cat-promotions-2","9":"product_tag-integre-pim","10":"product_tag-petites-dimensions","11":"product_tag-produits-en-ligne","13":"first","14":"instock","15":"sale","16":"shipping-taxable","17":"purchasable","18":"product-type-simple"},"_links":{"self":[{"href":"https:\/\/casacumbia.com\/en\/wp-json\/wp\/v2\/product\/50322","targetHints":{"allow":["GET"]}}],"collection":[{"href":"https:\/\/casacumbia.com\/en\/wp-json\/wp\/v2\/product"}],"about":[{"href":"https:\/\/casacumbia.com\/en\/wp-json\/wp\/v2\/types\/product"}],"replies":[{"embeddable":true,"href":"https:\/\/casacumbia.com\/en\/wp-json\/wp\/v2\/comments?post=50322"}],"version-history":[{"count":1,"href":"https:\/\/casacumbia.com\/en\/wp-json\/wp\/v2\/product\/50322\/revisions"}],"predecessor-version":[{"id":52665,"href":"https:\/\/casacumbia.com\/en\/wp-json\/wp\/v2\/product\/50322\/revisions\/52665"}],"wp:featuredmedia":[{"embeddable":true,"href":"https:\/\/casacumbia.com\/en\/wp-json\/wp\/v2\/media\/32040"}],"wp:attachment":[{"href":"https:\/\/casacumbia.com\/en\/wp-json\/wp\/v2\/media?parent=50322"}],"wp:term":[{"taxonomy":"product_brand","embeddable":true,"href":"https:\/\/casacumbia.com\/en\/wp-json\/wp\/v2\/product_brand?post=50322"},{"taxonomy":"product_cat","embeddable":true,"href":"https:\/\/casacumbia.com\/en\/wp-json\/wp\/v2\/product_cat?post=50322"},{"taxonomy":"product_tag","embeddable":true,"href":"https:\/\/casacumbia.com\/en\/wp-json\/wp\/v2\/product_tag?post=50322"}],"curies":[{"name":"wp","href":"https:\/\/api.w.org\/{rel}","templated":true}]}}