{"id":50312,"date":"2025-07-20T18:19:18","date_gmt":"2025-07-20T16:19:18","guid":{"rendered":"https:\/\/casacumbia.com\/product\/boite-en-verre-avec-papillon-brun-mia\/"},"modified":"2025-09-21T15:14:56","modified_gmt":"2025-09-21T13:14:56","slug":"boite-en-verre-avec-papillon-brun-mia","status":"publish","type":"product","link":"https:\/\/casacumbia.com\/en\/produit\/boite-en-verre-avec-papillon-brun-mia\/","title":{"rendered":"Bo\u00eete en Verre avec Papillon Marron MIA"},"content":{"rendered":"<p>Bo\u00eete en Verre avec Papillon Marron MIA. Une pi\u00e8ce essentielle de casacumbia, parfaite pour apporter une touche de style et de confort \u00e0 votre espace avec originalit\u00e9 et charme. <\/p>\n","protected":false},"excerpt":{"rendered":"<p>Bo\u00eete en Verre avec Papillon Marron MIA. Une pi\u00e8ce essentielle de casacumbia, parfaite pour apporter une touche de style et<\/p>\n","protected":false},"featured_media":32077,"comment_status":"closed","ping_status":"closed","template":"","meta":[],"product_brand":[],"product_cat":[260],"product_tag":[181,176,166],"class_list":{"0":"post-50312","1":"product","2":"type-product","3":"status-publish","4":"has-post-thumbnail","6":"product_cat-objetdecoratifs","7":"product_tag-integre-pim","8":"product_tag-petites-dimensions","9":"product_tag-produits-en-ligne","11":"first","12":"instock","13":"shipping-taxable","14":"purchasable","15":"product-type-simple"},"_links":{"self":[{"href":"https:\/\/casacumbia.com\/en\/wp-json\/wp\/v2\/product\/50312","targetHints":{"allow":["GET"]}}],"collection":[{"href":"https:\/\/casacumbia.com\/en\/wp-json\/wp\/v2\/product"}],"about":[{"href":"https:\/\/casacumbia.com\/en\/wp-json\/wp\/v2\/types\/product"}],"replies":[{"embeddable":true,"href":"https:\/\/casacumbia.com\/en\/wp-json\/wp\/v2\/comments?post=50312"}],"version-history":[{"count":2,"href":"https:\/\/casacumbia.com\/en\/wp-json\/wp\/v2\/product\/50312\/revisions"}],"predecessor-version":[{"id":54129,"href":"https:\/\/casacumbia.com\/en\/wp-json\/wp\/v2\/product\/50312\/revisions\/54129"}],"wp:featuredmedia":[{"embeddable":true,"href":"https:\/\/casacumbia.com\/en\/wp-json\/wp\/v2\/media\/32077"}],"wp:attachment":[{"href":"https:\/\/casacumbia.com\/en\/wp-json\/wp\/v2\/media?parent=50312"}],"wp:term":[{"taxonomy":"product_brand","embeddable":true,"href":"https:\/\/casacumbia.com\/en\/wp-json\/wp\/v2\/product_brand?post=50312"},{"taxonomy":"product_cat","embeddable":true,"href":"https:\/\/casacumbia.com\/en\/wp-json\/wp\/v2\/product_cat?post=50312"},{"taxonomy":"product_tag","embeddable":true,"href":"https:\/\/casacumbia.com\/en\/wp-json\/wp\/v2\/product_tag?post=50312"}],"curies":[{"name":"wp","href":"https:\/\/api.w.org\/{rel}","templated":true}]}}