{"id":50307,"date":"2025-07-20T18:19:18","date_gmt":"2025-07-20T16:19:18","guid":{"rendered":"https:\/\/casacumbia.com\/product\/suspension-en-verre-et-metal-gris-nomad\/"},"modified":"2025-09-21T15:14:55","modified_gmt":"2025-09-21T13:14:55","slug":"suspension-en-verre-et-metal-gris-nomad","status":"publish","type":"product","link":"https:\/\/casacumbia.com\/en\/produit\/suspension-en-verre-et-metal-gris-nomad\/","title":{"rendered":"Plafonnier en Verre et M\u00e9tal Gris NOMAD"},"content":{"rendered":"<p>Plafonnier en Verre et M\u00e9tal Gris NOMAD. Une pi\u00e8ce essentielle de casacumbia, parfaite pour apporter une touche de style et de confort \u00e0 votre espace avec originalit\u00e9 et charme. <\/p>\n","protected":false},"excerpt":{"rendered":"<p>Plafonnier en Verre et M\u00e9tal Gris NOMAD. Une pi\u00e8ce essentielle de casacumbia, parfaite pour apporter une touche de style et<\/p>\n","protected":false},"featured_media":32113,"comment_status":"closed","ping_status":"closed","template":"","meta":[],"product_brand":[],"product_cat":[201,134,204,300],"product_tag":[181,176,166],"class_list":{"0":"post-50307","1":"product","2":"type-product","3":"status-publish","4":"has-post-thumbnail","6":"product_cat-lighting-2","7":"product_cat-promotions","8":"product_cat-promotions-2","9":"product_cat-suspensions-plafonniers","10":"product_tag-integre-pim","11":"product_tag-petites-dimensions","12":"product_tag-produits-en-ligne","14":"first","15":"instock","16":"sale","17":"shipping-taxable","18":"purchasable","19":"product-type-simple"},"_links":{"self":[{"href":"https:\/\/casacumbia.com\/en\/wp-json\/wp\/v2\/product\/50307","targetHints":{"allow":["GET"]}}],"collection":[{"href":"https:\/\/casacumbia.com\/en\/wp-json\/wp\/v2\/product"}],"about":[{"href":"https:\/\/casacumbia.com\/en\/wp-json\/wp\/v2\/types\/product"}],"replies":[{"embeddable":true,"href":"https:\/\/casacumbia.com\/en\/wp-json\/wp\/v2\/comments?post=50307"}],"version-history":[{"count":2,"href":"https:\/\/casacumbia.com\/en\/wp-json\/wp\/v2\/product\/50307\/revisions"}],"predecessor-version":[{"id":54125,"href":"https:\/\/casacumbia.com\/en\/wp-json\/wp\/v2\/product\/50307\/revisions\/54125"}],"wp:featuredmedia":[{"embeddable":true,"href":"https:\/\/casacumbia.com\/en\/wp-json\/wp\/v2\/media\/32113"}],"wp:attachment":[{"href":"https:\/\/casacumbia.com\/en\/wp-json\/wp\/v2\/media?parent=50307"}],"wp:term":[{"taxonomy":"product_brand","embeddable":true,"href":"https:\/\/casacumbia.com\/en\/wp-json\/wp\/v2\/product_brand?post=50307"},{"taxonomy":"product_cat","embeddable":true,"href":"https:\/\/casacumbia.com\/en\/wp-json\/wp\/v2\/product_cat?post=50307"},{"taxonomy":"product_tag","embeddable":true,"href":"https:\/\/casacumbia.com\/en\/wp-json\/wp\/v2\/product_tag?post=50307"}],"curies":[{"name":"wp","href":"https:\/\/api.w.org\/{rel}","templated":true}]}}