{"id":50304,"date":"2025-07-20T18:19:18","date_gmt":"2025-07-20T16:19:18","guid":{"rendered":"https:\/\/casacumbia.com\/product\/serviette-de-bain-en-coton-bleu-4everyday\/"},"modified":"2025-09-21T15:14:53","modified_gmt":"2025-09-21T13:14:53","slug":"serviette-de-bain-en-coton-bleu-4everyday","status":"publish","type":"product","link":"https:\/\/casacumbia.com\/en\/produit\/serviette-de-bain-en-coton-bleu-4everyday\/","title":{"rendered":"Serviette de Bain Coton Bleu 4EVERYDAY"},"content":{"rendered":"<p>Serviette de visage bleue, compos\u00e9e \u00e0 100 % de coton, se distingue par sa douceur et son confort incomparables. Avec un design \u00e9l\u00e9gant et moderne, elle est parfaite pour compl\u00e9ter toute salle de bain. Produite avec des mat\u00e9riaux de haute qualit\u00e9, cette serviette offre une excellente capacit\u00e9 d&#8217;absorption et une r\u00e9sistance, m\u00eame apr\u00e8s de nombreux lavages  <\/p>\n","protected":false},"excerpt":{"rendered":"<p>Serviette de visage bleue, compos\u00e9e \u00e0 100 % de coton, se distingue par sa douceur et son confort incomparables. Avec<\/p>\n","protected":false},"featured_media":32097,"comment_status":"closed","ping_status":"closed","template":"","meta":[],"product_brand":[],"product_cat":[299],"product_tag":[181,176,166],"class_list":{"0":"post-50304","1":"product","2":"type-product","3":"status-publish","4":"has-post-thumbnail","6":"product_cat-linge-de-bain","7":"product_tag-integre-pim","8":"product_tag-petites-dimensions","9":"product_tag-produits-en-ligne","11":"first","12":"instock","13":"shipping-taxable","14":"purchasable","15":"product-type-simple"},"_links":{"self":[{"href":"https:\/\/casacumbia.com\/en\/wp-json\/wp\/v2\/product\/50304","targetHints":{"allow":["GET"]}}],"collection":[{"href":"https:\/\/casacumbia.com\/en\/wp-json\/wp\/v2\/product"}],"about":[{"href":"https:\/\/casacumbia.com\/en\/wp-json\/wp\/v2\/types\/product"}],"replies":[{"embeddable":true,"href":"https:\/\/casacumbia.com\/en\/wp-json\/wp\/v2\/comments?post=50304"}],"version-history":[{"count":1,"href":"https:\/\/casacumbia.com\/en\/wp-json\/wp\/v2\/product\/50304\/revisions"}],"predecessor-version":[{"id":52585,"href":"https:\/\/casacumbia.com\/en\/wp-json\/wp\/v2\/product\/50304\/revisions\/52585"}],"wp:featuredmedia":[{"embeddable":true,"href":"https:\/\/casacumbia.com\/en\/wp-json\/wp\/v2\/media\/32097"}],"wp:attachment":[{"href":"https:\/\/casacumbia.com\/en\/wp-json\/wp\/v2\/media?parent=50304"}],"wp:term":[{"taxonomy":"product_brand","embeddable":true,"href":"https:\/\/casacumbia.com\/en\/wp-json\/wp\/v2\/product_brand?post=50304"},{"taxonomy":"product_cat","embeddable":true,"href":"https:\/\/casacumbia.com\/en\/wp-json\/wp\/v2\/product_cat?post=50304"},{"taxonomy":"product_tag","embeddable":true,"href":"https:\/\/casacumbia.com\/en\/wp-json\/wp\/v2\/product_tag?post=50304"}],"curies":[{"name":"wp","href":"https:\/\/api.w.org\/{rel}","templated":true}]}}