{"id":50300,"date":"2025-07-20T18:19:18","date_gmt":"2025-07-20T16:19:18","guid":{"rendered":"https:\/\/casacumbia.com\/product\/sortie-de-bain-en-coton-vert-clair-five-stars\/"},"modified":"2025-09-21T15:14:52","modified_gmt":"2025-09-21T13:14:52","slug":"sortie-de-bain-en-coton-vert-clair-five-stars","status":"publish","type":"product","link":"https:\/\/casacumbia.com\/en\/produit\/sortie-de-bain-en-coton-vert-clair-five-stars\/","title":{"rendered":"Tapis de Bain Coton Vert Clair FIVE STARS"},"content":{"rendered":"<p>Les serviettes de bain casacumbia sont fabriqu\u00e9es au Portugal\/produit 100 % portugais synonyme de qualit\u00e9 dans la mati\u00e8re premi\u00e8re et les finitions. La gamme Five Stars avec 650 gr conf\u00e8re une texture plus moelleuse et douce pour un confort maximal. <\/p>\n","protected":false},"excerpt":{"rendered":"<p>Les serviettes de bain casacumbia sont fabriqu\u00e9es au Portugal\/produit 100 % portugais synonyme de qualit\u00e9 dans la mati\u00e8re premi\u00e8re et<\/p>\n","protected":false},"featured_media":32125,"comment_status":"closed","ping_status":"closed","template":"","meta":[],"product_brand":[],"product_cat":[304],"product_tag":[181,176,166],"class_list":{"0":"post-50300","1":"product","2":"type-product","3":"status-publish","4":"has-post-thumbnail","6":"product_cat-tapis","7":"product_tag-integre-pim","8":"product_tag-petites-dimensions","9":"product_tag-produits-en-ligne","11":"first","12":"instock","13":"shipping-taxable","14":"purchasable","15":"product-type-simple"},"_links":{"self":[{"href":"https:\/\/casacumbia.com\/en\/wp-json\/wp\/v2\/product\/50300","targetHints":{"allow":["GET"]}}],"collection":[{"href":"https:\/\/casacumbia.com\/en\/wp-json\/wp\/v2\/product"}],"about":[{"href":"https:\/\/casacumbia.com\/en\/wp-json\/wp\/v2\/types\/product"}],"replies":[{"embeddable":true,"href":"https:\/\/casacumbia.com\/en\/wp-json\/wp\/v2\/comments?post=50300"}],"version-history":[{"count":3,"href":"https:\/\/casacumbia.com\/en\/wp-json\/wp\/v2\/product\/50300\/revisions"}],"predecessor-version":[{"id":54446,"href":"https:\/\/casacumbia.com\/en\/wp-json\/wp\/v2\/product\/50300\/revisions\/54446"}],"wp:featuredmedia":[{"embeddable":true,"href":"https:\/\/casacumbia.com\/en\/wp-json\/wp\/v2\/media\/32125"}],"wp:attachment":[{"href":"https:\/\/casacumbia.com\/en\/wp-json\/wp\/v2\/media?parent=50300"}],"wp:term":[{"taxonomy":"product_brand","embeddable":true,"href":"https:\/\/casacumbia.com\/en\/wp-json\/wp\/v2\/product_brand?post=50300"},{"taxonomy":"product_cat","embeddable":true,"href":"https:\/\/casacumbia.com\/en\/wp-json\/wp\/v2\/product_cat?post=50300"},{"taxonomy":"product_tag","embeddable":true,"href":"https:\/\/casacumbia.com\/en\/wp-json\/wp\/v2\/product_tag?post=50300"}],"curies":[{"name":"wp","href":"https:\/\/api.w.org\/{rel}","templated":true}]}}