{"id":50293,"date":"2025-07-20T18:19:27","date_gmt":"2025-07-20T16:19:27","guid":{"rendered":"https:\/\/casacumbia.com\/product\/mug-bleu-azueljo\/"},"modified":"2025-09-21T15:14:50","modified_gmt":"2025-09-21T13:14:50","slug":"mug-bleu-azueljo","status":"publish","type":"product","link":"https:\/\/casacumbia.com\/en\/produit\/mug-bleu-azueljo\/","title":{"rendered":"Mug Bleu AZUELJO"},"content":{"rendered":"<p>La collection AZULEJO, comme nous y ont habitu\u00e9s les pr\u00e9c\u00e9dentes Remix, s&#8217;inspire de la tradition de l&#8217;art portugais. Une approche contemporaine de la tradition de l&#8217;azulejaria portugaise qui marque tant l&#8217;histoire de notre pays. <br \/>Ce service est une d\u00e9construction de l&#8217;azulejo typiquement portugais, avec la fusion d&#8217;\u00e9l\u00e9ments g\u00e9om\u00e9triques et floraux, peints avec des couleurs typiquement m\u00e9diterran\u00e9ennes.<br \/>L&#8217;\u00e9l\u00e9gante conjugaison de tous les \u00e9l\u00e9ments r\u00e9sulte en un service de table contemporain en porcelaine, qui se compl\u00e8te avec des ustensiles de cuisine.<br \/>Le service de table en porcelaine Bone China est compos\u00e9 d&#8217;un sous-plat, d&#8217;une assiette plate, d&#8217;une assiette \u00e0 dessert, d&#8217;une assiette \u00e0 pain, d&#8217;une assiette \u00e0 soupe, d&#8217;un bol, d&#8217;un saladier, d&#8217;un plat de service, de tasses, d&#8217;une tasse avec soucoupe, d&#8217;une th\u00e9i\u00e8re, d&#8217;un sucrier et d&#8217;un pot \u00e0 lait, de tasses \u00e0 th\u00e9 et \u00e0 caf\u00e9, d&#8217;un plat \u00e0 g\u00e2teau, d&#8217;un plateau \u00e0 fromages, d&#8217;un support \u00e0 cuill\u00e8re, de 2 pots pour aliments, et d&#8217;un huilier-vinaigrier tr\u00e8s sp\u00e9cial.<\/p>\n","protected":false},"excerpt":{"rendered":"<p>La collection AZULEJO, comme nous y ont habitu\u00e9s les pr\u00e9c\u00e9dentes Remix, s&#8217;inspire de la tradition de l&#8217;art portugais. Une approche<\/p>\n","protected":false},"featured_media":32174,"comment_status":"closed","ping_status":"closed","template":"","meta":[],"product_brand":[],"product_cat":[284],"product_tag":[181,176,166],"class_list":{"0":"post-50293","1":"product","2":"type-product","3":"status-publish","4":"has-post-thumbnail","6":"product_cat-tasses-mugs","7":"product_tag-integre-pim","8":"product_tag-petites-dimensions","9":"product_tag-produits-en-ligne","11":"first","12":"instock","13":"shipping-taxable","14":"purchasable","15":"product-type-simple"},"_links":{"self":[{"href":"https:\/\/casacumbia.com\/en\/wp-json\/wp\/v2\/product\/50293","targetHints":{"allow":["GET"]}}],"collection":[{"href":"https:\/\/casacumbia.com\/en\/wp-json\/wp\/v2\/product"}],"about":[{"href":"https:\/\/casacumbia.com\/en\/wp-json\/wp\/v2\/types\/product"}],"replies":[{"embeddable":true,"href":"https:\/\/casacumbia.com\/en\/wp-json\/wp\/v2\/comments?post=50293"}],"version-history":[{"count":1,"href":"https:\/\/casacumbia.com\/en\/wp-json\/wp\/v2\/product\/50293\/revisions"}],"predecessor-version":[{"id":52682,"href":"https:\/\/casacumbia.com\/en\/wp-json\/wp\/v2\/product\/50293\/revisions\/52682"}],"wp:featuredmedia":[{"embeddable":true,"href":"https:\/\/casacumbia.com\/en\/wp-json\/wp\/v2\/media\/32174"}],"wp:attachment":[{"href":"https:\/\/casacumbia.com\/en\/wp-json\/wp\/v2\/media?parent=50293"}],"wp:term":[{"taxonomy":"product_brand","embeddable":true,"href":"https:\/\/casacumbia.com\/en\/wp-json\/wp\/v2\/product_brand?post=50293"},{"taxonomy":"product_cat","embeddable":true,"href":"https:\/\/casacumbia.com\/en\/wp-json\/wp\/v2\/product_cat?post=50293"},{"taxonomy":"product_tag","embeddable":true,"href":"https:\/\/casacumbia.com\/en\/wp-json\/wp\/v2\/product_tag?post=50293"}],"curies":[{"name":"wp","href":"https:\/\/api.w.org\/{rel}","templated":true}]}}