{"id":50274,"date":"2025-07-20T18:19:28","date_gmt":"2025-07-20T16:19:28","guid":{"rendered":"https:\/\/casacumbia.com\/product\/abat-jour-tambour-en-coton-blanc-d30cm\/"},"modified":"2025-09-21T15:14:45","modified_gmt":"2025-09-21T13:14:45","slug":"abat-jour-tambour-en-coton-blanc-d30cm","status":"publish","type":"product","link":"https:\/\/casacumbia.com\/en\/produit\/abat-jour-tambour-en-coton-blanc-d30cm\/","title":{"rendered":"Abat-jour Drum en Coton Blanc D30cm"},"content":{"rendered":"<p>Abat-jour Drum en Coton Blanc D30cm. Une pi\u00e8ce essentielle de casacumbia, parfaite pour apporter une touche de style et de confort \u00e0 votre espace avec originalit\u00e9 et charme. <\/p>\n","protected":false},"excerpt":{"rendered":"<p>Abat-jour Drum en Coton Blanc D30cm. Une pi\u00e8ce essentielle de casacumbia, parfaite pour apporter une touche de style et de<\/p>\n","protected":false},"featured_media":32260,"comment_status":"closed","ping_status":"closed","template":"","meta":[],"product_brand":[],"product_cat":[309],"product_tag":[181,176,166],"class_list":{"0":"post-50274","1":"product","2":"type-product","3":"status-publish","4":"has-post-thumbnail","6":"product_cat-abat-jours-accessoires","7":"product_tag-integre-pim","8":"product_tag-petites-dimensions","9":"product_tag-produits-en-ligne","11":"first","12":"instock","13":"shipping-taxable","14":"purchasable","15":"product-type-simple"},"_links":{"self":[{"href":"https:\/\/casacumbia.com\/en\/wp-json\/wp\/v2\/product\/50274","targetHints":{"allow":["GET"]}}],"collection":[{"href":"https:\/\/casacumbia.com\/en\/wp-json\/wp\/v2\/product"}],"about":[{"href":"https:\/\/casacumbia.com\/en\/wp-json\/wp\/v2\/types\/product"}],"replies":[{"embeddable":true,"href":"https:\/\/casacumbia.com\/en\/wp-json\/wp\/v2\/comments?post=50274"}],"version-history":[{"count":2,"href":"https:\/\/casacumbia.com\/en\/wp-json\/wp\/v2\/product\/50274\/revisions"}],"predecessor-version":[{"id":54107,"href":"https:\/\/casacumbia.com\/en\/wp-json\/wp\/v2\/product\/50274\/revisions\/54107"}],"wp:featuredmedia":[{"embeddable":true,"href":"https:\/\/casacumbia.com\/en\/wp-json\/wp\/v2\/media\/32260"}],"wp:attachment":[{"href":"https:\/\/casacumbia.com\/en\/wp-json\/wp\/v2\/media?parent=50274"}],"wp:term":[{"taxonomy":"product_brand","embeddable":true,"href":"https:\/\/casacumbia.com\/en\/wp-json\/wp\/v2\/product_brand?post=50274"},{"taxonomy":"product_cat","embeddable":true,"href":"https:\/\/casacumbia.com\/en\/wp-json\/wp\/v2\/product_cat?post=50274"},{"taxonomy":"product_tag","embeddable":true,"href":"https:\/\/casacumbia.com\/en\/wp-json\/wp\/v2\/product_tag?post=50274"}],"curies":[{"name":"wp","href":"https:\/\/api.w.org\/{rel}","templated":true}]}}