{"id":50267,"date":"2025-07-20T18:19:38","date_gmt":"2025-07-20T16:19:38","guid":{"rendered":"https:\/\/casacumbia.com\/product\/grande-boite-cadeau-pour-la-fete-des-meres\/"},"modified":"2025-09-21T15:14:43","modified_gmt":"2025-09-21T13:14:43","slug":"grande-boite-cadeau-pour-la-fete-des-meres","status":"publish","type":"product","link":"https:\/\/casacumbia.com\/en\/produit\/grande-boite-cadeau-pour-la-fete-des-meres\/","title":{"rendered":"Bo\u00eete Cadeau F\u00eate des M\u00e8res Grande"},"content":{"rendered":"<p>Les bo\u00eetes cadeaux, personnalis\u00e9es exclusivement pour c\u00e9l\u00e9brer cette date, sont une fa\u00e7on originale d&#8217;offrir un pr\u00e9sent \u00e0 votre m\u00e8re en ce jour si sp\u00e9cial, \u00e9tant parfaites pour ranger de petits objets ou m\u00eame servir d&#8217;objet d\u00e9coratif.<\/p>\n","protected":false},"excerpt":{"rendered":"<p>Les bo\u00eetes cadeaux, personnalis\u00e9es exclusivement pour c\u00e9l\u00e9brer cette date, sont une fa\u00e7on originale d&#8217;offrir un pr\u00e9sent \u00e0 votre m\u00e8re en<\/p>\n","protected":false},"featured_media":32296,"comment_status":"closed","ping_status":"closed","template":"","meta":[],"product_brand":[],"product_cat":[266],"product_tag":[181,176,166],"class_list":{"0":"post-50267","1":"product","2":"type-product","3":"status-publish","4":"has-post-thumbnail","6":"product_cat-poubelle","7":"product_tag-integre-pim","8":"product_tag-petites-dimensions","9":"product_tag-produits-en-ligne","11":"first","12":"instock","13":"shipping-taxable","14":"purchasable","15":"product-type-simple"},"_links":{"self":[{"href":"https:\/\/casacumbia.com\/en\/wp-json\/wp\/v2\/product\/50267","targetHints":{"allow":["GET"]}}],"collection":[{"href":"https:\/\/casacumbia.com\/en\/wp-json\/wp\/v2\/product"}],"about":[{"href":"https:\/\/casacumbia.com\/en\/wp-json\/wp\/v2\/types\/product"}],"replies":[{"embeddable":true,"href":"https:\/\/casacumbia.com\/en\/wp-json\/wp\/v2\/comments?post=50267"}],"version-history":[{"count":1,"href":"https:\/\/casacumbia.com\/en\/wp-json\/wp\/v2\/product\/50267\/revisions"}],"predecessor-version":[{"id":52616,"href":"https:\/\/casacumbia.com\/en\/wp-json\/wp\/v2\/product\/50267\/revisions\/52616"}],"wp:featuredmedia":[{"embeddable":true,"href":"https:\/\/casacumbia.com\/en\/wp-json\/wp\/v2\/media\/32296"}],"wp:attachment":[{"href":"https:\/\/casacumbia.com\/en\/wp-json\/wp\/v2\/media?parent=50267"}],"wp:term":[{"taxonomy":"product_brand","embeddable":true,"href":"https:\/\/casacumbia.com\/en\/wp-json\/wp\/v2\/product_brand?post=50267"},{"taxonomy":"product_cat","embeddable":true,"href":"https:\/\/casacumbia.com\/en\/wp-json\/wp\/v2\/product_cat?post=50267"},{"taxonomy":"product_tag","embeddable":true,"href":"https:\/\/casacumbia.com\/en\/wp-json\/wp\/v2\/product_tag?post=50267"}],"curies":[{"name":"wp","href":"https:\/\/api.w.org\/{rel}","templated":true}]}}