{"id":50252,"date":"2025-07-20T18:19:03","date_gmt":"2025-07-20T16:19:03","guid":{"rendered":"https:\/\/casacumbia.com\/product\/corps-tonco-roots\/"},"modified":"2025-09-21T15:14:40","modified_gmt":"2025-09-21T13:14:40","slug":"corps-tonco-roots","status":"publish","type":"product","link":"https:\/\/casacumbia.com\/en\/produit\/corps-tonco-roots\/","title":{"rendered":"Bol Tronc ROOTS"},"content":{"rendered":"<p>La collection ROOTS s&#8217;inspire de la reconnexion avec la nature. Pour transmettre l&#8217;int\u00e9gration totale avec les racines et l&#8217;essence de la nature, les illustrations r\u00e9sultent de l&#8217;empreinte des textures de diverses feuilles et troncs. Ainsi, les motifs qui recouvrent les pi\u00e8ces sont la texture de la peau de la nature.   <br \/>La collection, en porcelaine New Bone China, se compose d&#8217;assiettes \u00e0 dessert et de bols o\u00f9 vous pouvez prendre vos repas, ainsi que d&#8217;un ensemble de doseurs qui aident \u00e0 la pr\u00e9paration. Pour inspirer \u00e9galement des habitudes durables, elle comprend trois pots en porcelaine avec couvercle en bambou grav\u00e9, o\u00f9 vous pourrez conserver vos aliments achet\u00e9s en vrac. Composition : New Bone China  <\/p>\n","protected":false},"excerpt":{"rendered":"<p>La collection ROOTS s&#8217;inspire de la reconnexion avec la nature. Pour transmettre l&#8217;int\u00e9gration totale avec les racines et l&#8217;essence de<\/p>\n","protected":false},"featured_media":31925,"comment_status":"closed","ping_status":"closed","template":"","meta":[],"product_brand":[],"product_cat":[280,204],"product_tag":[181,176,166],"class_list":{"0":"post-50252","1":"product","2":"type-product","3":"status-publish","4":"has-post-thumbnail","6":"product_cat-platsetbol","7":"product_cat-promotions-2","8":"product_tag-integre-pim","9":"product_tag-petites-dimensions","10":"product_tag-produits-en-ligne","12":"first","13":"instock","14":"sale","15":"shipping-taxable","16":"purchasable","17":"product-type-simple"},"_links":{"self":[{"href":"https:\/\/casacumbia.com\/en\/wp-json\/wp\/v2\/product\/50252","targetHints":{"allow":["GET"]}}],"collection":[{"href":"https:\/\/casacumbia.com\/en\/wp-json\/wp\/v2\/product"}],"about":[{"href":"https:\/\/casacumbia.com\/en\/wp-json\/wp\/v2\/types\/product"}],"replies":[{"embeddable":true,"href":"https:\/\/casacumbia.com\/en\/wp-json\/wp\/v2\/comments?post=50252"}],"version-history":[{"count":1,"href":"https:\/\/casacumbia.com\/en\/wp-json\/wp\/v2\/product\/50252\/revisions"}],"predecessor-version":[{"id":52812,"href":"https:\/\/casacumbia.com\/en\/wp-json\/wp\/v2\/product\/50252\/revisions\/52812"}],"wp:featuredmedia":[{"embeddable":true,"href":"https:\/\/casacumbia.com\/en\/wp-json\/wp\/v2\/media\/31925"}],"wp:attachment":[{"href":"https:\/\/casacumbia.com\/en\/wp-json\/wp\/v2\/media?parent=50252"}],"wp:term":[{"taxonomy":"product_brand","embeddable":true,"href":"https:\/\/casacumbia.com\/en\/wp-json\/wp\/v2\/product_brand?post=50252"},{"taxonomy":"product_cat","embeddable":true,"href":"https:\/\/casacumbia.com\/en\/wp-json\/wp\/v2\/product_cat?post=50252"},{"taxonomy":"product_tag","embeddable":true,"href":"https:\/\/casacumbia.com\/en\/wp-json\/wp\/v2\/product_tag?post=50252"}],"curies":[{"name":"wp","href":"https:\/\/api.w.org\/{rel}","templated":true}]}}