{"id":50251,"date":"2025-07-20T18:19:03","date_gmt":"2025-07-20T16:19:03","guid":{"rendered":"https:\/\/casacumbia.com\/product\/tasse-en-email-stars\/"},"modified":"2025-09-21T15:14:39","modified_gmt":"2025-09-21T13:14:39","slug":"tasse-en-email-stars","status":"publish","type":"product","link":"https:\/\/casacumbia.com\/en\/produit\/tasse-en-email-stars\/","title":{"rendered":"Tasse en \u00c9mail STARS"},"content":{"rendered":"<p>Nous avons cr\u00e9\u00e9 une collection exclusive casacumbia, inspir\u00e9e des constellations d&#8217;\u00e9toiles. <br \/>Un petit gar\u00e7on observe le ciel \u00e9toil\u00e9 \u00e0 travers une fen\u00eatre de son quartier et fait un v\u0153u. <br \/>Les maisons, les \u00e9toiles et les constellations animent les diff\u00e9rentes pi\u00e8ces permettant \u00e0 l&#8217;enfant d&#8217;imaginer ce qui se trouve au-del\u00e0 des \u00e9toiles.<\/p>\n","protected":false},"excerpt":{"rendered":"<p>Nous avons cr\u00e9\u00e9 une collection exclusive casacumbia, inspir\u00e9e des constellations d&#8217;\u00e9toiles. Un petit gar\u00e7on observe le ciel \u00e9toil\u00e9 \u00e0 travers<\/p>\n","protected":false},"featured_media":31942,"comment_status":"closed","ping_status":"closed","template":"","meta":[],"product_brand":[],"product_cat":[174,204,284],"product_tag":[181,176,166],"class_list":{"0":"post-50251","1":"product","2":"type-product","3":"status-publish","4":"has-post-thumbnail","6":"product_cat-kitchen-2","7":"product_cat-promotions-2","8":"product_cat-tasses-mugs","9":"product_tag-integre-pim","10":"product_tag-petites-dimensions","11":"product_tag-produits-en-ligne","13":"first","14":"instock","15":"sale","16":"shipping-taxable","17":"purchasable","18":"product-type-simple"},"_links":{"self":[{"href":"https:\/\/casacumbia.com\/en\/wp-json\/wp\/v2\/product\/50251","targetHints":{"allow":["GET"]}}],"collection":[{"href":"https:\/\/casacumbia.com\/en\/wp-json\/wp\/v2\/product"}],"about":[{"href":"https:\/\/casacumbia.com\/en\/wp-json\/wp\/v2\/types\/product"}],"replies":[{"embeddable":true,"href":"https:\/\/casacumbia.com\/en\/wp-json\/wp\/v2\/comments?post=50251"}],"version-history":[{"count":2,"href":"https:\/\/casacumbia.com\/en\/wp-json\/wp\/v2\/product\/50251\/revisions"}],"predecessor-version":[{"id":54099,"href":"https:\/\/casacumbia.com\/en\/wp-json\/wp\/v2\/product\/50251\/revisions\/54099"}],"wp:featuredmedia":[{"embeddable":true,"href":"https:\/\/casacumbia.com\/en\/wp-json\/wp\/v2\/media\/31942"}],"wp:attachment":[{"href":"https:\/\/casacumbia.com\/en\/wp-json\/wp\/v2\/media?parent=50251"}],"wp:term":[{"taxonomy":"product_brand","embeddable":true,"href":"https:\/\/casacumbia.com\/en\/wp-json\/wp\/v2\/product_brand?post=50251"},{"taxonomy":"product_cat","embeddable":true,"href":"https:\/\/casacumbia.com\/en\/wp-json\/wp\/v2\/product_cat?post=50251"},{"taxonomy":"product_tag","embeddable":true,"href":"https:\/\/casacumbia.com\/en\/wp-json\/wp\/v2\/product_tag?post=50251"}],"curies":[{"name":"wp","href":"https:\/\/api.w.org\/{rel}","templated":true}]}}