{"id":50246,"date":"2025-07-20T18:19:03","date_gmt":"2025-07-20T16:19:03","guid":{"rendered":"https:\/\/casacumbia.com\/product\/drap-housse-100-coton-percale-vert-90x20030-samoa\/"},"modified":"2025-09-21T15:14:35","modified_gmt":"2025-09-21T13:14:35","slug":"drap-housse-100-coton-percale-vert-90x20030-samoa","status":"publish","type":"product","link":"https:\/\/casacumbia.com\/en\/produit\/drap-housse-100-coton-percale-vert-90x20030-samoa\/","title":{"rendered":"Drap-housse 100% Coton Percale Vert 90&#215;200+30 SAMOA"},"content":{"rendered":"<p>Notre linge de lit en coton percale est produit au Portugal et varie entre 180 et 300 fils.<br \/>Les fils tiss\u00e9s par pouce d\u00e9finissent la douceur, la durabilit\u00e9 et la flexibilit\u00e9 du drap, r\u00e9sultant en un tissu r\u00e9sistant, respirant et doux.<\/p>\n","protected":false},"excerpt":{"rendered":"<p>Notre linge de lit en coton percale est produit au Portugal et varie entre 180 et 300 fils.Les fils tiss\u00e9s<\/p>\n","protected":false},"featured_media":31934,"comment_status":"closed","ping_status":"closed","template":"","meta":[],"product_brand":[],"product_cat":[325],"product_tag":[181,176,166],"class_list":{"0":"post-50246","1":"product","2":"type-product","3":"status-publish","4":"has-post-thumbnail","6":"product_cat-draps-housses-linge","7":"product_tag-integre-pim","8":"product_tag-petites-dimensions","9":"product_tag-produits-en-ligne","11":"first","12":"instock","13":"shipping-taxable","14":"purchasable","15":"product-type-simple"},"_links":{"self":[{"href":"https:\/\/casacumbia.com\/en\/wp-json\/wp\/v2\/product\/50246","targetHints":{"allow":["GET"]}}],"collection":[{"href":"https:\/\/casacumbia.com\/en\/wp-json\/wp\/v2\/product"}],"about":[{"href":"https:\/\/casacumbia.com\/en\/wp-json\/wp\/v2\/types\/product"}],"replies":[{"embeddable":true,"href":"https:\/\/casacumbia.com\/en\/wp-json\/wp\/v2\/comments?post=50246"}],"version-history":[{"count":1,"href":"https:\/\/casacumbia.com\/en\/wp-json\/wp\/v2\/product\/50246\/revisions"}],"predecessor-version":[{"id":52808,"href":"https:\/\/casacumbia.com\/en\/wp-json\/wp\/v2\/product\/50246\/revisions\/52808"}],"wp:featuredmedia":[{"embeddable":true,"href":"https:\/\/casacumbia.com\/en\/wp-json\/wp\/v2\/media\/31934"}],"wp:attachment":[{"href":"https:\/\/casacumbia.com\/en\/wp-json\/wp\/v2\/media?parent=50246"}],"wp:term":[{"taxonomy":"product_brand","embeddable":true,"href":"https:\/\/casacumbia.com\/en\/wp-json\/wp\/v2\/product_brand?post=50246"},{"taxonomy":"product_cat","embeddable":true,"href":"https:\/\/casacumbia.com\/en\/wp-json\/wp\/v2\/product_cat?post=50246"},{"taxonomy":"product_tag","embeddable":true,"href":"https:\/\/casacumbia.com\/en\/wp-json\/wp\/v2\/product_tag?post=50246"}],"curies":[{"name":"wp","href":"https:\/\/api.w.org\/{rel}","templated":true}]}}