{"id":50243,"date":"2025-07-20T18:19:10","date_gmt":"2025-07-20T16:19:10","guid":{"rendered":"https:\/\/casacumbia.com\/product\/panier-l-vert-et-naturel-vinh\/"},"modified":"2025-09-21T15:14:34","modified_gmt":"2025-09-21T13:14:34","slug":"panier-l-vert-et-naturel-vinh","status":"publish","type":"product","link":"https:\/\/casacumbia.com\/en\/produit\/panier-l-vert-et-naturel-vinh\/","title":{"rendered":"Panier L Vert et Naturel VINH"},"content":{"rendered":"<p>Panier L Vert et Naturel VINH. Une pi\u00e8ce essentielle de casacumbia, parfaite pour apporter une touche de style et de confort \u00e0 votre espace avec originalit\u00e9 et charme. <\/p>\n","protected":false},"excerpt":{"rendered":"<p>Panier L Vert et Naturel VINH. Une pi\u00e8ce essentielle de casacumbia, parfaite pour apporter une touche de style et de<\/p>\n","protected":false},"featured_media":31967,"comment_status":"closed","ping_status":"closed","template":"","meta":[],"product_brand":[],"product_cat":[290,204],"product_tag":[181,176,166],"class_list":{"0":"post-50243","1":"product","2":"type-product","3":"status-publish","4":"has-post-thumbnail","6":"product_cat-boites-paniers","7":"product_cat-promotions-2","8":"product_tag-integre-pim","9":"product_tag-petites-dimensions","10":"product_tag-produits-en-ligne","12":"first","13":"instock","14":"sale","15":"shipping-taxable","16":"purchasable","17":"product-type-simple"},"_links":{"self":[{"href":"https:\/\/casacumbia.com\/en\/wp-json\/wp\/v2\/product\/50243","targetHints":{"allow":["GET"]}}],"collection":[{"href":"https:\/\/casacumbia.com\/en\/wp-json\/wp\/v2\/product"}],"about":[{"href":"https:\/\/casacumbia.com\/en\/wp-json\/wp\/v2\/types\/product"}],"replies":[{"embeddable":true,"href":"https:\/\/casacumbia.com\/en\/wp-json\/wp\/v2\/comments?post=50243"}],"version-history":[{"count":2,"href":"https:\/\/casacumbia.com\/en\/wp-json\/wp\/v2\/product\/50243\/revisions"}],"predecessor-version":[{"id":54096,"href":"https:\/\/casacumbia.com\/en\/wp-json\/wp\/v2\/product\/50243\/revisions\/54096"}],"wp:featuredmedia":[{"embeddable":true,"href":"https:\/\/casacumbia.com\/en\/wp-json\/wp\/v2\/media\/31967"}],"wp:attachment":[{"href":"https:\/\/casacumbia.com\/en\/wp-json\/wp\/v2\/media?parent=50243"}],"wp:term":[{"taxonomy":"product_brand","embeddable":true,"href":"https:\/\/casacumbia.com\/en\/wp-json\/wp\/v2\/product_brand?post=50243"},{"taxonomy":"product_cat","embeddable":true,"href":"https:\/\/casacumbia.com\/en\/wp-json\/wp\/v2\/product_cat?post=50243"},{"taxonomy":"product_tag","embeddable":true,"href":"https:\/\/casacumbia.com\/en\/wp-json\/wp\/v2\/product_tag?post=50243"}],"curies":[{"name":"wp","href":"https:\/\/api.w.org\/{rel}","templated":true}]}}