{"id":50241,"date":"2025-07-20T18:19:10","date_gmt":"2025-07-20T16:19:10","guid":{"rendered":"https:\/\/casacumbia.com\/product\/bougie-parfumee-dans-un-verre-clean-herbs-250g-pure-natural\/"},"modified":"2025-09-21T15:14:34","modified_gmt":"2025-09-21T13:14:34","slug":"bougie-parfumee-dans-un-verre-clean-herbs-250g-pure-natural","status":"publish","type":"product","link":"https:\/\/casacumbia.com\/en\/produit\/bougie-parfumee-dans-un-verre-clean-herbs-250g-pure-natural\/","title":{"rendered":"Bougie Parfum\u00e9e en Verre Clean Herbs 250g PURE NATURAL"},"content":{"rendered":"<p>Une collection compos\u00e9e d&#8217;ambianteurs, de bougies et de diffuseurs, o\u00f9 chaque produit est con\u00e7u pour transformer votre maison.<br \/> Le parfum Herbs \u00e9voque le bois, le santal, l&#8217;ambre et les \u00e9pices.<\/p>\n","protected":false},"excerpt":{"rendered":"<p>Une collection compos\u00e9e d&#8217;ambianteurs, de bougies et de diffuseurs, o\u00f9 chaque produit est con\u00e7u pour transformer votre maison. Le parfum<\/p>\n","protected":false},"featured_media":31973,"comment_status":"closed","ping_status":"closed","template":"","meta":[],"product_brand":[],"product_cat":[264],"product_tag":[181,176,166],"class_list":{"0":"post-50241","1":"product","2":"type-product","3":"status-publish","4":"has-post-thumbnail","6":"product_cat-bougies","7":"product_tag-integre-pim","8":"product_tag-petites-dimensions","9":"product_tag-produits-en-ligne","11":"first","12":"instock","13":"shipping-taxable","14":"purchasable","15":"product-type-simple"},"_links":{"self":[{"href":"https:\/\/casacumbia.com\/en\/wp-json\/wp\/v2\/product\/50241","targetHints":{"allow":["GET"]}}],"collection":[{"href":"https:\/\/casacumbia.com\/en\/wp-json\/wp\/v2\/product"}],"about":[{"href":"https:\/\/casacumbia.com\/en\/wp-json\/wp\/v2\/types\/product"}],"replies":[{"embeddable":true,"href":"https:\/\/casacumbia.com\/en\/wp-json\/wp\/v2\/comments?post=50241"}],"version-history":[{"count":1,"href":"https:\/\/casacumbia.com\/en\/wp-json\/wp\/v2\/product\/50241\/revisions"}],"predecessor-version":[{"id":52736,"href":"https:\/\/casacumbia.com\/en\/wp-json\/wp\/v2\/product\/50241\/revisions\/52736"}],"wp:featuredmedia":[{"embeddable":true,"href":"https:\/\/casacumbia.com\/en\/wp-json\/wp\/v2\/media\/31973"}],"wp:attachment":[{"href":"https:\/\/casacumbia.com\/en\/wp-json\/wp\/v2\/media?parent=50241"}],"wp:term":[{"taxonomy":"product_brand","embeddable":true,"href":"https:\/\/casacumbia.com\/en\/wp-json\/wp\/v2\/product_brand?post=50241"},{"taxonomy":"product_cat","embeddable":true,"href":"https:\/\/casacumbia.com\/en\/wp-json\/wp\/v2\/product_cat?post=50241"},{"taxonomy":"product_tag","embeddable":true,"href":"https:\/\/casacumbia.com\/en\/wp-json\/wp\/v2\/product_tag?post=50241"}],"curies":[{"name":"wp","href":"https:\/\/api.w.org\/{rel}","templated":true}]}}