{"id":50233,"date":"2025-07-20T18:19:11","date_gmt":"2025-07-20T16:19:11","guid":{"rendered":"https:\/\/casacumbia.com\/product\/desodorisant-en-spray-marigold-colors-essence\/"},"modified":"2025-09-21T15:14:32","modified_gmt":"2025-09-21T13:14:32","slug":"desodorisant-en-spray-marigold-colors-essence","status":"publish","type":"product","link":"https:\/\/casacumbia.com\/en\/produit\/desodorisant-en-spray-marigold-colors-essence\/","title":{"rendered":"D\u00e9sodorisant en spray Marigold COLORS ESSENCE"},"content":{"rendered":"<p>COLORS \u2013 Fragrances qui donnent vie \u00e0 votre environnement<br \/> La collection COLORS combine des profils aromatiques distincts avec un design moderne, cr\u00e9ant la fusion parfaite entre fonctionnalit\u00e9 et style. Id\u00e9ale pour ceux qui cherchent \u00e0 apporter une touche de fra\u00eecheur et de personnalit\u00e9 \u00e0 la maison. <br \/>  Marigold Tagetes : Essence florale inspir\u00e9e des plantes de la famille du tournesol, avec un profil naturel et lumineux, qui conf\u00e8re \u00e9l\u00e9gance et \u00e9quilibre \u00e0 l&#8217;environnement.<br \/>  Disponible en divers formats \u2013 bougies, d\u00e9sodorisants et diffuseurs \u2013 la collection COLORS s&#8217;adapte \u00e0 diff\u00e9rents styles et pr\u00e9f\u00e9rences olfactives.<br \/>  D\u00e9couvrez toutes les options et trouvez la fragrance adapt\u00e9e \u00e0 chaque pi\u00e8ce de votre maison.<\/p>\n","protected":false},"excerpt":{"rendered":"<p>COLORS \u2013 Fragrances qui donnent vie \u00e0 votre environnement La collection COLORS combine des profils aromatiques distincts avec un design<\/p>\n","protected":false},"featured_media":31993,"comment_status":"closed","ping_status":"closed","template":"","meta":[],"product_brand":[],"product_cat":[264,204],"product_tag":[181,176,166],"class_list":{"0":"post-50233","1":"product","2":"type-product","3":"status-publish","4":"has-post-thumbnail","6":"product_cat-bougies","7":"product_cat-promotions-2","8":"product_tag-integre-pim","9":"product_tag-petites-dimensions","10":"product_tag-produits-en-ligne","12":"first","13":"instock","14":"sale","15":"shipping-taxable","16":"purchasable","17":"product-type-simple"},"_links":{"self":[{"href":"https:\/\/casacumbia.com\/en\/wp-json\/wp\/v2\/product\/50233","targetHints":{"allow":["GET"]}}],"collection":[{"href":"https:\/\/casacumbia.com\/en\/wp-json\/wp\/v2\/product"}],"about":[{"href":"https:\/\/casacumbia.com\/en\/wp-json\/wp\/v2\/types\/product"}],"replies":[{"embeddable":true,"href":"https:\/\/casacumbia.com\/en\/wp-json\/wp\/v2\/comments?post=50233"}],"version-history":[{"count":1,"href":"https:\/\/casacumbia.com\/en\/wp-json\/wp\/v2\/product\/50233\/revisions"}],"predecessor-version":[{"id":52649,"href":"https:\/\/casacumbia.com\/en\/wp-json\/wp\/v2\/product\/50233\/revisions\/52649"}],"wp:featuredmedia":[{"embeddable":true,"href":"https:\/\/casacumbia.com\/en\/wp-json\/wp\/v2\/media\/31993"}],"wp:attachment":[{"href":"https:\/\/casacumbia.com\/en\/wp-json\/wp\/v2\/media?parent=50233"}],"wp:term":[{"taxonomy":"product_brand","embeddable":true,"href":"https:\/\/casacumbia.com\/en\/wp-json\/wp\/v2\/product_brand?post=50233"},{"taxonomy":"product_cat","embeddable":true,"href":"https:\/\/casacumbia.com\/en\/wp-json\/wp\/v2\/product_cat?post=50233"},{"taxonomy":"product_tag","embeddable":true,"href":"https:\/\/casacumbia.com\/en\/wp-json\/wp\/v2\/product_tag?post=50233"}],"curies":[{"name":"wp","href":"https:\/\/api.w.org\/{rel}","templated":true}]}}