{"id":50228,"date":"2025-07-20T18:19:11","date_gmt":"2025-07-20T16:19:11","guid":{"rendered":"https:\/\/casacumbia.com\/product\/bougie-parfumee-dans-un-verre-white-cotton-160g-pure-natural\/"},"modified":"2025-09-21T15:14:31","modified_gmt":"2025-09-21T13:14:31","slug":"bougie-parfumee-dans-un-verre-white-cotton-160g-pure-natural","status":"publish","type":"product","link":"https:\/\/casacumbia.com\/en\/produit\/bougie-parfumee-dans-un-verre-white-cotton-160g-pure-natural\/","title":{"rendered":"Bougie Parfum\u00e9e en Verre White Cotton 160g PURE NATURAL"},"content":{"rendered":"<p>Une collection compos\u00e9e d&#8217;ambianteurs, de bougies et de diffuseurs, o\u00f9 chaque produit est con\u00e7u pour transformer votre maison.<br \/>  Le parfum White Cotton \u00e9voque une fragrance florale et musqu\u00e9e.<\/p>\n","protected":false},"excerpt":{"rendered":"<p>Une collection compos\u00e9e d&#8217;ambianteurs, de bougies et de diffuseurs, o\u00f9 chaque produit est con\u00e7u pour transformer votre maison. Le parfum<\/p>\n","protected":false},"featured_media":31985,"comment_status":"closed","ping_status":"closed","template":"","meta":[],"product_brand":[],"product_cat":[264],"product_tag":[181,176,166],"class_list":{"0":"post-50228","1":"product","2":"type-product","3":"status-publish","4":"has-post-thumbnail","6":"product_cat-bougies","7":"product_tag-integre-pim","8":"product_tag-petites-dimensions","9":"product_tag-produits-en-ligne","11":"first","12":"instock","13":"shipping-taxable","14":"purchasable","15":"product-type-simple"},"_links":{"self":[{"href":"https:\/\/casacumbia.com\/en\/wp-json\/wp\/v2\/product\/50228","targetHints":{"allow":["GET"]}}],"collection":[{"href":"https:\/\/casacumbia.com\/en\/wp-json\/wp\/v2\/product"}],"about":[{"href":"https:\/\/casacumbia.com\/en\/wp-json\/wp\/v2\/types\/product"}],"replies":[{"embeddable":true,"href":"https:\/\/casacumbia.com\/en\/wp-json\/wp\/v2\/comments?post=50228"}],"version-history":[{"count":1,"href":"https:\/\/casacumbia.com\/en\/wp-json\/wp\/v2\/product\/50228\/revisions"}],"predecessor-version":[{"id":52657,"href":"https:\/\/casacumbia.com\/en\/wp-json\/wp\/v2\/product\/50228\/revisions\/52657"}],"wp:featuredmedia":[{"embeddable":true,"href":"https:\/\/casacumbia.com\/en\/wp-json\/wp\/v2\/media\/31985"}],"wp:attachment":[{"href":"https:\/\/casacumbia.com\/en\/wp-json\/wp\/v2\/media?parent=50228"}],"wp:term":[{"taxonomy":"product_brand","embeddable":true,"href":"https:\/\/casacumbia.com\/en\/wp-json\/wp\/v2\/product_brand?post=50228"},{"taxonomy":"product_cat","embeddable":true,"href":"https:\/\/casacumbia.com\/en\/wp-json\/wp\/v2\/product_cat?post=50228"},{"taxonomy":"product_tag","embeddable":true,"href":"https:\/\/casacumbia.com\/en\/wp-json\/wp\/v2\/product_tag?post=50228"}],"curies":[{"name":"wp","href":"https:\/\/api.w.org\/{rel}","templated":true}]}}