{"id":50221,"date":"2025-07-20T18:19:11","date_gmt":"2025-07-20T16:19:11","guid":{"rendered":"https:\/\/casacumbia.com\/product\/pichet-ceramic-story\/"},"modified":"2025-09-21T15:14:29","modified_gmt":"2025-09-21T13:14:29","slug":"pichet-ceramic-story","status":"publish","type":"product","link":"https:\/\/casacumbia.com\/en\/produit\/pichet-ceramic-story\/","title":{"rendered":"Carafe Beige CERAMIC STORY"},"content":{"rendered":"<p>Une collection exclusive et limit\u00e9e, cr\u00e9\u00e9e en collaboration avec l&#8217;atelier Tento na Tinta, qui a donn\u00e9 naissance \u00e0 des pi\u00e8ces uniques, minutieusement dessin\u00e9es, faites \u00e0 la main au Portugal.<br \/>Elle repr\u00e9sente de mani\u00e8re actuelle et sophistiqu\u00e9e la tradition portugaise, mettant en valeur la c\u00e9ramique comme mat\u00e9riau noble portugais.<\/p>\n","protected":false},"excerpt":{"rendered":"<p>Une collection exclusive et limit\u00e9e, cr\u00e9\u00e9e en collaboration avec l&#8217;atelier Tento na Tinta, qui a donn\u00e9 naissance \u00e0 des pi\u00e8ces<\/p>\n","protected":false},"featured_media":32009,"comment_status":"closed","ping_status":"closed","template":"","meta":[],"product_brand":[],"product_cat":[274,204],"product_tag":[181,176,166],"class_list":{"0":"post-50221","1":"product","2":"type-product","3":"status-publish","4":"has-post-thumbnail","6":"product_cat-pichet","7":"product_cat-promotions-2","8":"product_tag-integre-pim","9":"product_tag-petites-dimensions","10":"product_tag-produits-en-ligne","12":"first","13":"instock","14":"sale","15":"shipping-taxable","16":"purchasable","17":"product-type-simple"},"_links":{"self":[{"href":"https:\/\/casacumbia.com\/en\/wp-json\/wp\/v2\/product\/50221","targetHints":{"allow":["GET"]}}],"collection":[{"href":"https:\/\/casacumbia.com\/en\/wp-json\/wp\/v2\/product"}],"about":[{"href":"https:\/\/casacumbia.com\/en\/wp-json\/wp\/v2\/types\/product"}],"replies":[{"embeddable":true,"href":"https:\/\/casacumbia.com\/en\/wp-json\/wp\/v2\/comments?post=50221"}],"version-history":[{"count":1,"href":"https:\/\/casacumbia.com\/en\/wp-json\/wp\/v2\/product\/50221\/revisions"}],"predecessor-version":[{"id":52645,"href":"https:\/\/casacumbia.com\/en\/wp-json\/wp\/v2\/product\/50221\/revisions\/52645"}],"wp:featuredmedia":[{"embeddable":true,"href":"https:\/\/casacumbia.com\/en\/wp-json\/wp\/v2\/media\/32009"}],"wp:attachment":[{"href":"https:\/\/casacumbia.com\/en\/wp-json\/wp\/v2\/media?parent=50221"}],"wp:term":[{"taxonomy":"product_brand","embeddable":true,"href":"https:\/\/casacumbia.com\/en\/wp-json\/wp\/v2\/product_brand?post=50221"},{"taxonomy":"product_cat","embeddable":true,"href":"https:\/\/casacumbia.com\/en\/wp-json\/wp\/v2\/product_cat?post=50221"},{"taxonomy":"product_tag","embeddable":true,"href":"https:\/\/casacumbia.com\/en\/wp-json\/wp\/v2\/product_tag?post=50221"}],"curies":[{"name":"wp","href":"https:\/\/api.w.org\/{rel}","templated":true}]}}