{"id":50216,"date":"2025-07-20T18:19:11","date_gmt":"2025-07-20T16:19:11","guid":{"rendered":"https:\/\/casacumbia.com\/product\/nappe-carree-en-coton-feuilles-vertes-celebration\/"},"modified":"2025-09-21T15:14:26","modified_gmt":"2025-09-21T13:14:26","slug":"nappe-carree-en-coton-feuilles-vertes-celebration","status":"publish","type":"product","link":"https:\/\/casacumbia.com\/en\/produit\/nappe-carree-en-coton-feuilles-vertes-celebration\/","title":{"rendered":"Manique Carr\u00e9e en Coton Feuilles Vert CELEBRATION"},"content":{"rendered":"<p>La collection Celebration illustre la grenade, fruit qui est consid\u00e9r\u00e9 comme une relique sacr\u00e9e de la Nature.<br \/> Elle symbolise l&#8217;amour, la vie, l&#8217;union, la passion, le sacr\u00e9, la naissance, l&#8217;immortalit\u00e9.<\/p>\n","protected":false},"excerpt":{"rendered":"<p>La collection Celebration illustre la grenade, fruit qui est consid\u00e9r\u00e9 comme une relique sacr\u00e9e de la Nature. Elle symbolise l&#8217;amour,<\/p>\n","protected":false},"featured_media":32036,"comment_status":"closed","ping_status":"closed","template":"","meta":[],"product_brand":[],"product_cat":[308,204],"product_tag":[181,176,166],"class_list":{"0":"post-50216","1":"product","2":"type-product","3":"status-publish","4":"has-post-thumbnail","6":"product_cat-maniques-gants-de-four","7":"product_cat-promotions-2","8":"product_tag-integre-pim","9":"product_tag-petites-dimensions","10":"product_tag-produits-en-ligne","12":"first","13":"instock","14":"sale","15":"shipping-taxable","16":"purchasable","17":"product-type-simple"},"_links":{"self":[{"href":"https:\/\/casacumbia.com\/en\/wp-json\/wp\/v2\/product\/50216","targetHints":{"allow":["GET"]}}],"collection":[{"href":"https:\/\/casacumbia.com\/en\/wp-json\/wp\/v2\/product"}],"about":[{"href":"https:\/\/casacumbia.com\/en\/wp-json\/wp\/v2\/types\/product"}],"replies":[{"embeddable":true,"href":"https:\/\/casacumbia.com\/en\/wp-json\/wp\/v2\/comments?post=50216"}],"version-history":[{"count":2,"href":"https:\/\/casacumbia.com\/en\/wp-json\/wp\/v2\/product\/50216\/revisions"}],"predecessor-version":[{"id":54445,"href":"https:\/\/casacumbia.com\/en\/wp-json\/wp\/v2\/product\/50216\/revisions\/54445"}],"wp:featuredmedia":[{"embeddable":true,"href":"https:\/\/casacumbia.com\/en\/wp-json\/wp\/v2\/media\/32036"}],"wp:attachment":[{"href":"https:\/\/casacumbia.com\/en\/wp-json\/wp\/v2\/media?parent=50216"}],"wp:term":[{"taxonomy":"product_brand","embeddable":true,"href":"https:\/\/casacumbia.com\/en\/wp-json\/wp\/v2\/product_brand?post=50216"},{"taxonomy":"product_cat","embeddable":true,"href":"https:\/\/casacumbia.com\/en\/wp-json\/wp\/v2\/product_cat?post=50216"},{"taxonomy":"product_tag","embeddable":true,"href":"https:\/\/casacumbia.com\/en\/wp-json\/wp\/v2\/product_tag?post=50216"}],"curies":[{"name":"wp","href":"https:\/\/api.w.org\/{rel}","templated":true}]}}