{"id":50211,"date":"2025-07-20T18:18:54","date_gmt":"2025-07-20T16:18:54","guid":{"rendered":"https:\/\/casacumbia.com\/product\/etagere-en-rotin-avec-trois-paniers-naturels-sublime\/"},"modified":"2025-09-21T15:14:25","modified_gmt":"2025-09-21T13:14:25","slug":"etagere-en-rotin-avec-trois-paniers-naturels-sublime","status":"publish","type":"product","link":"https:\/\/casacumbia.com\/en\/produit\/etagere-en-rotin-avec-trois-paniers-naturels-sublime\/","title":{"rendered":"\u00c9tag\u00e8re en Rotin avec Trois Paniers Naturel SUBLIME"},"content":{"rendered":"<p>\u00c9tag\u00e8re en Rotin avec Trois Paniers Naturel SUBLIME. Une pi\u00e8ce essentielle de casacumbia, parfaite pour apporter une touche de style et de confort \u00e0 votre espace avec originalit\u00e9 et charme.<\/p>\n","protected":false},"excerpt":{"rendered":"<p>\u00c9tag\u00e8re en Rotin avec Trois Paniers Naturel SUBLIME. Une pi\u00e8ce essentielle de casacumbia, parfaite pour apporter une touche de style<\/p>\n","protected":false},"featured_media":31842,"comment_status":"closed","ping_status":"closed","template":"","meta":[],"product_brand":[],"product_cat":[292,235,204,214,197],"product_tag":[181,176,166],"class_list":{"0":"post-50211","1":"product","2":"type-product","3":"status-publish","4":"has-post-thumbnail","6":"product_cat-accessoires-de-bain","7":"product_cat-boite","8":"product_cat-promotions-2","9":"product_cat-rooming-2","10":"product_cat-bath-2","11":"product_tag-integre-pim","12":"product_tag-petites-dimensions","13":"product_tag-produits-en-ligne","15":"first","16":"instock","17":"sale","18":"shipping-taxable","19":"purchasable","20":"product-type-simple"},"_links":{"self":[{"href":"https:\/\/casacumbia.com\/en\/wp-json\/wp\/v2\/product\/50211","targetHints":{"allow":["GET"]}}],"collection":[{"href":"https:\/\/casacumbia.com\/en\/wp-json\/wp\/v2\/product"}],"about":[{"href":"https:\/\/casacumbia.com\/en\/wp-json\/wp\/v2\/types\/product"}],"replies":[{"embeddable":true,"href":"https:\/\/casacumbia.com\/en\/wp-json\/wp\/v2\/comments?post=50211"}],"version-history":[{"count":3,"href":"https:\/\/casacumbia.com\/en\/wp-json\/wp\/v2\/product\/50211\/revisions"}],"predecessor-version":[{"id":54496,"href":"https:\/\/casacumbia.com\/en\/wp-json\/wp\/v2\/product\/50211\/revisions\/54496"}],"wp:featuredmedia":[{"embeddable":true,"href":"https:\/\/casacumbia.com\/en\/wp-json\/wp\/v2\/media\/31842"}],"wp:attachment":[{"href":"https:\/\/casacumbia.com\/en\/wp-json\/wp\/v2\/media?parent=50211"}],"wp:term":[{"taxonomy":"product_brand","embeddable":true,"href":"https:\/\/casacumbia.com\/en\/wp-json\/wp\/v2\/product_brand?post=50211"},{"taxonomy":"product_cat","embeddable":true,"href":"https:\/\/casacumbia.com\/en\/wp-json\/wp\/v2\/product_cat?post=50211"},{"taxonomy":"product_tag","embeddable":true,"href":"https:\/\/casacumbia.com\/en\/wp-json\/wp\/v2\/product_tag?post=50211"}],"curies":[{"name":"wp","href":"https:\/\/api.w.org\/{rel}","templated":true}]}}