{"id":50208,"date":"2025-07-20T18:18:54","date_gmt":"2025-07-20T16:18:54","guid":{"rendered":"https:\/\/casacumbia.com\/product\/taie-doreiller-zigzag-noir-et-beige-50x65-calendula\/"},"modified":"2025-09-21T15:14:25","modified_gmt":"2025-09-21T13:14:25","slug":"taie-doreiller-zigzag-noir-et-beige-50x65-calendula","status":"publish","type":"product","link":"https:\/\/casacumbia.com\/en\/produit\/taie-doreiller-zigzag-noir-et-beige-50x65-calendula\/","title":{"rendered":"Taie d&#8217;oreiller ZigZag Noir et Beige 50&#215;65 CALENDULA"},"content":{"rendered":"<p>Notre linge de lit en coton percale est produit au Portugal et varie entre 180 et 300 fils.<br \/>Les fils tiss\u00e9s par pouce d\u00e9finissent la douceur, la durabilit\u00e9 et la flexibilit\u00e9 du drap, r\u00e9sultant en un tissu r\u00e9sistant, respirant et doux.<\/p>\n","protected":false},"excerpt":{"rendered":"<p>Notre linge de lit en coton percale est produit au Portugal et varie entre 180 et 300 fils.Les fils tiss\u00e9s<\/p>\n","protected":false},"featured_media":31861,"comment_status":"closed","ping_status":"closed","template":"","meta":[],"product_brand":[],"product_cat":[182,204,295],"product_tag":[181,176,166],"class_list":{"0":"post-50208","1":"product","2":"type-product","3":"status-publish","4":"has-post-thumbnail","6":"product_cat-textiles-2","7":"product_cat-promotions-2","8":"product_cat-taies-doreiller-traversins","9":"product_tag-integre-pim","10":"product_tag-petites-dimensions","11":"product_tag-produits-en-ligne","13":"first","14":"instock","15":"sale","16":"shipping-taxable","17":"purchasable","18":"product-type-simple"},"_links":{"self":[{"href":"https:\/\/casacumbia.com\/en\/wp-json\/wp\/v2\/product\/50208","targetHints":{"allow":["GET"]}}],"collection":[{"href":"https:\/\/casacumbia.com\/en\/wp-json\/wp\/v2\/product"}],"about":[{"href":"https:\/\/casacumbia.com\/en\/wp-json\/wp\/v2\/types\/product"}],"replies":[{"embeddable":true,"href":"https:\/\/casacumbia.com\/en\/wp-json\/wp\/v2\/comments?post=50208"}],"version-history":[{"count":1,"href":"https:\/\/casacumbia.com\/en\/wp-json\/wp\/v2\/product\/50208\/revisions"}],"predecessor-version":[{"id":53582,"href":"https:\/\/casacumbia.com\/en\/wp-json\/wp\/v2\/product\/50208\/revisions\/53582"}],"wp:featuredmedia":[{"embeddable":true,"href":"https:\/\/casacumbia.com\/en\/wp-json\/wp\/v2\/media\/31861"}],"wp:attachment":[{"href":"https:\/\/casacumbia.com\/en\/wp-json\/wp\/v2\/media?parent=50208"}],"wp:term":[{"taxonomy":"product_brand","embeddable":true,"href":"https:\/\/casacumbia.com\/en\/wp-json\/wp\/v2\/product_brand?post=50208"},{"taxonomy":"product_cat","embeddable":true,"href":"https:\/\/casacumbia.com\/en\/wp-json\/wp\/v2\/product_cat?post=50208"},{"taxonomy":"product_tag","embeddable":true,"href":"https:\/\/casacumbia.com\/en\/wp-json\/wp\/v2\/product_tag?post=50208"}],"curies":[{"name":"wp","href":"https:\/\/api.w.org\/{rel}","templated":true}]}}