{"id":50207,"date":"2025-07-20T18:18:54","date_gmt":"2025-07-20T16:18:54","guid":{"rendered":"https:\/\/casacumbia.com\/product\/porte-savon-de-bain-rond-avec-rayures-vertes-et-blanches-vichy\/"},"modified":"2025-09-21T15:14:24","modified_gmt":"2025-09-21T13:14:24","slug":"porte-savon-de-bain-rond-avec-rayures-vertes-et-blanches-vichy","status":"publish","type":"product","link":"https:\/\/casacumbia.com\/en\/produit\/porte-savon-de-bain-rond-avec-rayures-vertes-et-blanches-vichy\/","title":{"rendered":"Porte-savon de Bain Rond \u00e0 Rayures Vertes et Blanches VICHY"},"content":{"rendered":"<p>Porte-savon de Bain Rond \u00e0 Rayures Vertes et Blanches VICHY. Une pi\u00e8ce essentielle de casacumbia, parfaite pour apporter une touche de style et de confort \u00e0 votre espace avec originalit\u00e9 et charme. <\/p>\n","protected":false},"excerpt":{"rendered":"<p>Porte-savon de Bain Rond \u00e0 Rayures Vertes et Blanches VICHY. Une pi\u00e8ce essentielle de casacumbia, parfaite pour apporter une touche<\/p>\n","protected":false},"featured_media":31848,"comment_status":"closed","ping_status":"closed","template":"","meta":[],"product_brand":[],"product_cat":[292,204,197],"product_tag":[181,176,166],"class_list":{"0":"post-50207","1":"product","2":"type-product","3":"status-publish","4":"has-post-thumbnail","6":"product_cat-accessoires-de-bain","7":"product_cat-promotions-2","8":"product_cat-bath-2","9":"product_tag-integre-pim","10":"product_tag-petites-dimensions","11":"product_tag-produits-en-ligne","13":"first","14":"instock","15":"sale","16":"shipping-taxable","17":"purchasable","18":"product-type-simple"},"_links":{"self":[{"href":"https:\/\/casacumbia.com\/en\/wp-json\/wp\/v2\/product\/50207","targetHints":{"allow":["GET"]}}],"collection":[{"href":"https:\/\/casacumbia.com\/en\/wp-json\/wp\/v2\/product"}],"about":[{"href":"https:\/\/casacumbia.com\/en\/wp-json\/wp\/v2\/types\/product"}],"replies":[{"embeddable":true,"href":"https:\/\/casacumbia.com\/en\/wp-json\/wp\/v2\/comments?post=50207"}],"version-history":[{"count":2,"href":"https:\/\/casacumbia.com\/en\/wp-json\/wp\/v2\/product\/50207\/revisions"}],"predecessor-version":[{"id":54087,"href":"https:\/\/casacumbia.com\/en\/wp-json\/wp\/v2\/product\/50207\/revisions\/54087"}],"wp:featuredmedia":[{"embeddable":true,"href":"https:\/\/casacumbia.com\/en\/wp-json\/wp\/v2\/media\/31848"}],"wp:attachment":[{"href":"https:\/\/casacumbia.com\/en\/wp-json\/wp\/v2\/media?parent=50207"}],"wp:term":[{"taxonomy":"product_brand","embeddable":true,"href":"https:\/\/casacumbia.com\/en\/wp-json\/wp\/v2\/product_brand?post=50207"},{"taxonomy":"product_cat","embeddable":true,"href":"https:\/\/casacumbia.com\/en\/wp-json\/wp\/v2\/product_cat?post=50207"},{"taxonomy":"product_tag","embeddable":true,"href":"https:\/\/casacumbia.com\/en\/wp-json\/wp\/v2\/product_tag?post=50207"}],"curies":[{"name":"wp","href":"https:\/\/api.w.org\/{rel}","templated":true}]}}