{"id":50202,"date":"2025-07-20T18:18:54","date_gmt":"2025-07-20T16:18:54","guid":{"rendered":"https:\/\/casacumbia.com\/product\/panier-tresse-raye-noir-et-blanc-la-paz\/"},"modified":"2025-09-21T15:14:23","modified_gmt":"2025-09-21T13:14:23","slug":"panier-tresse-raye-noir-et-blanc-la-paz","status":"publish","type":"product","link":"https:\/\/casacumbia.com\/en\/produit\/panier-tresse-raye-noir-et-blanc-la-paz\/","title":{"rendered":"Panier Tress\u00e9 Rayures Noir et Blanc LA PAZ"},"content":{"rendered":"<p>Panier Tress\u00e9 Rayures Noir et Blanc LA PAZ. Une pi\u00e8ce essentielle de casacumbia, parfaite pour apporter une touche de style et de confort \u00e0 votre espace avec originalit\u00e9 et charme. <\/p>\n","protected":false},"excerpt":{"rendered":"<p>Panier Tress\u00e9 Rayures Noir et Blanc LA PAZ. Une pi\u00e8ce essentielle de casacumbia, parfaite pour apporter une touche de style<\/p>\n","protected":false},"featured_media":31867,"comment_status":"closed","ping_status":"closed","template":"","meta":[],"product_brand":[],"product_cat":[290,204],"product_tag":[207,203,176,166],"class_list":{"0":"post-50202","1":"product","2":"type-product","3":"status-publish","4":"has-post-thumbnail","6":"product_cat-boites-paniers","7":"product_cat-promotions-2","8":"product_tag-integre","9":"product_tag-magento-fr","10":"product_tag-petites-dimensions","11":"product_tag-produits-en-ligne","13":"first","14":"instock","15":"sale","16":"shipping-taxable","17":"purchasable","18":"product-type-simple"},"_links":{"self":[{"href":"https:\/\/casacumbia.com\/en\/wp-json\/wp\/v2\/product\/50202","targetHints":{"allow":["GET"]}}],"collection":[{"href":"https:\/\/casacumbia.com\/en\/wp-json\/wp\/v2\/product"}],"about":[{"href":"https:\/\/casacumbia.com\/en\/wp-json\/wp\/v2\/types\/product"}],"replies":[{"embeddable":true,"href":"https:\/\/casacumbia.com\/en\/wp-json\/wp\/v2\/comments?post=50202"}],"version-history":[{"count":2,"href":"https:\/\/casacumbia.com\/en\/wp-json\/wp\/v2\/product\/50202\/revisions"}],"predecessor-version":[{"id":54086,"href":"https:\/\/casacumbia.com\/en\/wp-json\/wp\/v2\/product\/50202\/revisions\/54086"}],"wp:featuredmedia":[{"embeddable":true,"href":"https:\/\/casacumbia.com\/en\/wp-json\/wp\/v2\/media\/31867"}],"wp:attachment":[{"href":"https:\/\/casacumbia.com\/en\/wp-json\/wp\/v2\/media?parent=50202"}],"wp:term":[{"taxonomy":"product_brand","embeddable":true,"href":"https:\/\/casacumbia.com\/en\/wp-json\/wp\/v2\/product_brand?post=50202"},{"taxonomy":"product_cat","embeddable":true,"href":"https:\/\/casacumbia.com\/en\/wp-json\/wp\/v2\/product_cat?post=50202"},{"taxonomy":"product_tag","embeddable":true,"href":"https:\/\/casacumbia.com\/en\/wp-json\/wp\/v2\/product_tag?post=50202"}],"curies":[{"name":"wp","href":"https:\/\/api.w.org\/{rel}","templated":true}]}}