{"id":50195,"date":"2025-07-20T18:19:02","date_gmt":"2025-07-20T16:19:02","guid":{"rendered":"https:\/\/casacumbia.com\/product\/tapis-en-coton-a-franges-beige-bleu-et-multicolore-robe\/"},"modified":"2025-09-21T15:14:21","modified_gmt":"2025-09-21T13:14:21","slug":"tapis-en-coton-a-franges-beige-bleu-et-multicolore-robe","status":"publish","type":"product","link":"https:\/\/casacumbia.com\/en\/produit\/tapis-en-coton-a-franges-beige-bleu-et-multicolore-robe\/","title":{"rendered":"Tapis en Coton \u00e0 Franges Beige, Bleu et Multicolore ROBE"},"content":{"rendered":"<p>Tapis en Coton \u00e0 Franges Beige, Bleu et Multicolore ROBE. Une pi\u00e8ce essentielle de casacumbia, parfaite pour apporter une touche de style et de confort \u00e0 votre espace avec originalit\u00e9 et charme. <\/p>\n","protected":false},"excerpt":{"rendered":"<p>Tapis en Coton \u00e0 Franges Beige, Bleu et Multicolore ROBE. Une pi\u00e8ce essentielle de casacumbia, parfaite pour apporter une touche<\/p>\n","protected":false},"featured_media":31878,"comment_status":"closed","ping_status":"closed","template":"","meta":[],"product_brand":[],"product_cat":[185,204,205],"product_tag":[181,176,166],"class_list":{"0":"post-50195","1":"product","2":"type-product","3":"status-publish","4":"has-post-thumbnail","6":"product_cat-pet-2","7":"product_cat-promotions-2","8":"product_cat-rugs-2","9":"product_tag-integre-pim","10":"product_tag-petites-dimensions","11":"product_tag-produits-en-ligne","13":"first","14":"instock","15":"sale","16":"shipping-taxable","17":"purchasable","18":"product-type-simple"},"_links":{"self":[{"href":"https:\/\/casacumbia.com\/en\/wp-json\/wp\/v2\/product\/50195","targetHints":{"allow":["GET"]}}],"collection":[{"href":"https:\/\/casacumbia.com\/en\/wp-json\/wp\/v2\/product"}],"about":[{"href":"https:\/\/casacumbia.com\/en\/wp-json\/wp\/v2\/types\/product"}],"replies":[{"embeddable":true,"href":"https:\/\/casacumbia.com\/en\/wp-json\/wp\/v2\/comments?post=50195"}],"version-history":[{"count":2,"href":"https:\/\/casacumbia.com\/en\/wp-json\/wp\/v2\/product\/50195\/revisions"}],"predecessor-version":[{"id":54081,"href":"https:\/\/casacumbia.com\/en\/wp-json\/wp\/v2\/product\/50195\/revisions\/54081"}],"wp:featuredmedia":[{"embeddable":true,"href":"https:\/\/casacumbia.com\/en\/wp-json\/wp\/v2\/media\/31878"}],"wp:attachment":[{"href":"https:\/\/casacumbia.com\/en\/wp-json\/wp\/v2\/media?parent=50195"}],"wp:term":[{"taxonomy":"product_brand","embeddable":true,"href":"https:\/\/casacumbia.com\/en\/wp-json\/wp\/v2\/product_brand?post=50195"},{"taxonomy":"product_cat","embeddable":true,"href":"https:\/\/casacumbia.com\/en\/wp-json\/wp\/v2\/product_cat?post=50195"},{"taxonomy":"product_tag","embeddable":true,"href":"https:\/\/casacumbia.com\/en\/wp-json\/wp\/v2\/product_tag?post=50195"}],"curies":[{"name":"wp","href":"https:\/\/api.w.org\/{rel}","templated":true}]}}