{"id":50191,"date":"2025-07-20T18:19:03","date_gmt":"2025-07-20T16:19:03","guid":{"rendered":"https:\/\/casacumbia.com\/product\/tapisserie-murale-marron\/"},"modified":"2025-09-21T15:14:20","modified_gmt":"2025-09-21T13:14:20","slug":"tapisserie-murale-marron","status":"publish","type":"product","link":"https:\/\/casacumbia.com\/en\/produit\/tapisserie-murale-marron\/","title":{"rendered":"Tableau de Tapisserie Marron"},"content":{"rendered":"<p>La collection TAPI pr\u00e9sente des tapisseries encadr\u00e9es en bois, fabriqu\u00e9es artisanalement en Inde, o\u00f9 tradition et design s&#8217;entrem\u00ealent. Dans des tons neutres avec de d\u00e9licates touches de couleur, chaque pi\u00e8ce apporte profondeur, texture et une note d&#8217;authenticit\u00e9 \u00e0 tout environnement. <\/p>\n","protected":false},"excerpt":{"rendered":"<p>La collection TAPI pr\u00e9sente des tapisseries encadr\u00e9es en bois, fabriqu\u00e9es artisanalement en Inde, o\u00f9 tradition et design s&#8217;entrem\u00ealent. Dans des<\/p>\n","protected":false},"featured_media":31898,"comment_status":"closed","ping_status":"closed","template":"","meta":[],"product_brand":[],"product_cat":[206,204],"product_tag":[181,176,166],"class_list":{"0":"post-50191","1":"product","2":"type-product","3":"status-publish","4":"has-post-thumbnail","6":"product_cat-decoration-2","7":"product_cat-promotions-2","8":"product_tag-integre-pim","9":"product_tag-petites-dimensions","10":"product_tag-produits-en-ligne","12":"first","13":"instock","14":"sale","15":"shipping-taxable","16":"purchasable","17":"product-type-simple"},"_links":{"self":[{"href":"https:\/\/casacumbia.com\/en\/wp-json\/wp\/v2\/product\/50191","targetHints":{"allow":["GET"]}}],"collection":[{"href":"https:\/\/casacumbia.com\/en\/wp-json\/wp\/v2\/product"}],"about":[{"href":"https:\/\/casacumbia.com\/en\/wp-json\/wp\/v2\/types\/product"}],"replies":[{"embeddable":true,"href":"https:\/\/casacumbia.com\/en\/wp-json\/wp\/v2\/comments?post=50191"}],"version-history":[{"count":1,"href":"https:\/\/casacumbia.com\/en\/wp-json\/wp\/v2\/product\/50191\/revisions"}],"predecessor-version":[{"id":52719,"href":"https:\/\/casacumbia.com\/en\/wp-json\/wp\/v2\/product\/50191\/revisions\/52719"}],"wp:featuredmedia":[{"embeddable":true,"href":"https:\/\/casacumbia.com\/en\/wp-json\/wp\/v2\/media\/31898"}],"wp:attachment":[{"href":"https:\/\/casacumbia.com\/en\/wp-json\/wp\/v2\/media?parent=50191"}],"wp:term":[{"taxonomy":"product_brand","embeddable":true,"href":"https:\/\/casacumbia.com\/en\/wp-json\/wp\/v2\/product_brand?post=50191"},{"taxonomy":"product_cat","embeddable":true,"href":"https:\/\/casacumbia.com\/en\/wp-json\/wp\/v2\/product_cat?post=50191"},{"taxonomy":"product_tag","embeddable":true,"href":"https:\/\/casacumbia.com\/en\/wp-json\/wp\/v2\/product_tag?post=50191"}],"curies":[{"name":"wp","href":"https:\/\/api.w.org\/{rel}","templated":true}]}}