{"id":50189,"date":"2025-07-20T18:18:45","date_gmt":"2025-07-20T16:18:45","guid":{"rendered":"https:\/\/casacumbia.com\/product\/ensemble-de-bar-noir\/"},"modified":"2025-09-21T15:14:20","modified_gmt":"2025-09-21T13:14:20","slug":"ensemble-de-bar-noir","status":"publish","type":"product","link":"https:\/\/casacumbia.com\/en\/produit\/ensemble-de-bar-noir\/","title":{"rendered":"Ensemble de Bar Noir"},"content":{"rendered":"<p>La collection BAR rassemble des ustensiles essentiels, con\u00e7us pour durer et impressionner. Avec un design intemporel et une fonctionnalit\u00e9 maximale, elle est le compagnon parfait pour tous les moments de c\u00e9l\u00e9bration \u2014 aujourd&#8217;hui et toujours. <\/p>\n","protected":false},"excerpt":{"rendered":"<p>La collection BAR rassemble des ustensiles essentiels, con\u00e7us pour durer et impressionner. Avec un design intemporel et une fonctionnalit\u00e9 maximale,<\/p>\n","protected":false},"featured_media":31712,"comment_status":"closed","ping_status":"closed","template":"","meta":[],"product_brand":[],"product_cat":[266],"product_tag":[181,176,166],"class_list":{"0":"post-50189","1":"product","2":"type-product","3":"status-publish","4":"has-post-thumbnail","6":"product_cat-poubelle","7":"product_tag-integre-pim","8":"product_tag-petites-dimensions","9":"product_tag-produits-en-ligne","11":"first","12":"instock","13":"shipping-taxable","14":"purchasable","15":"product-type-simple"},"_links":{"self":[{"href":"https:\/\/casacumbia.com\/en\/wp-json\/wp\/v2\/product\/50189","targetHints":{"allow":["GET"]}}],"collection":[{"href":"https:\/\/casacumbia.com\/en\/wp-json\/wp\/v2\/product"}],"about":[{"href":"https:\/\/casacumbia.com\/en\/wp-json\/wp\/v2\/types\/product"}],"replies":[{"embeddable":true,"href":"https:\/\/casacumbia.com\/en\/wp-json\/wp\/v2\/comments?post=50189"}],"version-history":[{"count":1,"href":"https:\/\/casacumbia.com\/en\/wp-json\/wp\/v2\/product\/50189\/revisions"}],"predecessor-version":[{"id":53559,"href":"https:\/\/casacumbia.com\/en\/wp-json\/wp\/v2\/product\/50189\/revisions\/53559"}],"wp:featuredmedia":[{"embeddable":true,"href":"https:\/\/casacumbia.com\/en\/wp-json\/wp\/v2\/media\/31712"}],"wp:attachment":[{"href":"https:\/\/casacumbia.com\/en\/wp-json\/wp\/v2\/media?parent=50189"}],"wp:term":[{"taxonomy":"product_brand","embeddable":true,"href":"https:\/\/casacumbia.com\/en\/wp-json\/wp\/v2\/product_brand?post=50189"},{"taxonomy":"product_cat","embeddable":true,"href":"https:\/\/casacumbia.com\/en\/wp-json\/wp\/v2\/product_cat?post=50189"},{"taxonomy":"product_tag","embeddable":true,"href":"https:\/\/casacumbia.com\/en\/wp-json\/wp\/v2\/product_tag?post=50189"}],"curies":[{"name":"wp","href":"https:\/\/api.w.org\/{rel}","templated":true}]}}