{"id":50180,"date":"2025-07-20T18:18:53","date_gmt":"2025-07-20T16:18:53","guid":{"rendered":"https:\/\/casacumbia.com\/product\/tapis-en-peau-et-coton-beige-et-marron-clair-70x200-lively\/"},"modified":"2025-09-21T15:14:15","modified_gmt":"2025-09-21T13:14:15","slug":"tapis-en-peau-et-coton-beige-et-marron-clair-70x200-lively","status":"publish","type":"product","link":"https:\/\/casacumbia.com\/en\/produit\/tapis-en-peau-et-coton-beige-et-marron-clair-70x200-lively\/","title":{"rendered":"Tapis en Cuir et Coton Beige et Marron Clair 70&#215;200 LIVELY"},"content":{"rendered":"<p>Les tapis sont un \u00e9l\u00e9ment essentiel dans la cr\u00e9ation de l&#8217;ambiance de la maison, et la collection Lively va vous aider \u00e0 compl\u00e9ter cette ambiance. Une collection de tapis aux couleurs neutres et en plusieurs tailles. <\/p>\n","protected":false},"excerpt":{"rendered":"<p>Les tapis sont un \u00e9l\u00e9ment essentiel dans la cr\u00e9ation de l&#8217;ambiance de la maison, et la collection Lively va vous<\/p>\n","protected":false},"featured_media":31757,"comment_status":"closed","ping_status":"closed","template":"","meta":[],"product_brand":[],"product_cat":[185,204,205],"product_tag":[181,176,166],"class_list":{"0":"post-50180","1":"product","2":"type-product","3":"status-publish","4":"has-post-thumbnail","6":"product_cat-pet-2","7":"product_cat-promotions-2","8":"product_cat-rugs-2","9":"product_tag-integre-pim","10":"product_tag-petites-dimensions","11":"product_tag-produits-en-ligne","13":"first","14":"instock","15":"sale","16":"shipping-taxable","17":"purchasable","18":"product-type-simple"},"_links":{"self":[{"href":"https:\/\/casacumbia.com\/en\/wp-json\/wp\/v2\/product\/50180","targetHints":{"allow":["GET"]}}],"collection":[{"href":"https:\/\/casacumbia.com\/en\/wp-json\/wp\/v2\/product"}],"about":[{"href":"https:\/\/casacumbia.com\/en\/wp-json\/wp\/v2\/types\/product"}],"replies":[{"embeddable":true,"href":"https:\/\/casacumbia.com\/en\/wp-json\/wp\/v2\/comments?post=50180"}],"version-history":[{"count":1,"href":"https:\/\/casacumbia.com\/en\/wp-json\/wp\/v2\/product\/50180\/revisions"}],"predecessor-version":[{"id":53560,"href":"https:\/\/casacumbia.com\/en\/wp-json\/wp\/v2\/product\/50180\/revisions\/53560"}],"wp:featuredmedia":[{"embeddable":true,"href":"https:\/\/casacumbia.com\/en\/wp-json\/wp\/v2\/media\/31757"}],"wp:attachment":[{"href":"https:\/\/casacumbia.com\/en\/wp-json\/wp\/v2\/media?parent=50180"}],"wp:term":[{"taxonomy":"product_brand","embeddable":true,"href":"https:\/\/casacumbia.com\/en\/wp-json\/wp\/v2\/product_brand?post=50180"},{"taxonomy":"product_cat","embeddable":true,"href":"https:\/\/casacumbia.com\/en\/wp-json\/wp\/v2\/product_cat?post=50180"},{"taxonomy":"product_tag","embeddable":true,"href":"https:\/\/casacumbia.com\/en\/wp-json\/wp\/v2\/product_tag?post=50180"}],"curies":[{"name":"wp","href":"https:\/\/api.w.org\/{rel}","templated":true}]}}