{"id":50169,"date":"2025-07-20T18:18:53","date_gmt":"2025-07-20T16:18:53","guid":{"rendered":"https:\/\/casacumbia.com\/product\/porte-savon-de-bain-en-ceramique-creme-et-brique-sixties\/"},"modified":"2025-09-21T15:14:13","modified_gmt":"2025-09-21T13:14:13","slug":"porte-savon-de-bain-en-ceramique-creme-et-brique-sixties","status":"publish","type":"product","link":"https:\/\/casacumbia.com\/en\/produit\/porte-savon-de-bain-en-ceramique-creme-et-brique-sixties\/","title":{"rendered":"Porte-savon de Bain en C\u00e9ramique Cr\u00e8me et Brique SIXTIES"},"content":{"rendered":"<p>Porte-savon de Bain en C\u00e9ramique Cr\u00e8me et Brique SIXTIES. Une pi\u00e8ce essentielle de casacumbia, parfaite pour apporter une touche de style et de confort \u00e0 votre espace avec originalit\u00e9 et charme. <\/p>\n","protected":false},"excerpt":{"rendered":"<p>Porte-savon de Bain en C\u00e9ramique Cr\u00e8me et Brique SIXTIES. Une pi\u00e8ce essentielle de casacumbia, parfaite pour apporter une touche de<\/p>\n","protected":false},"featured_media":31808,"comment_status":"closed","ping_status":"closed","template":"","meta":[],"product_brand":[],"product_cat":[292,204,197],"product_tag":[181,176,166],"class_list":{"0":"post-50169","1":"product","2":"type-product","3":"status-publish","4":"has-post-thumbnail","6":"product_cat-accessoires-de-bain","7":"product_cat-promotions-2","8":"product_cat-bath-2","9":"product_tag-integre-pim","10":"product_tag-petites-dimensions","11":"product_tag-produits-en-ligne","13":"first","14":"instock","15":"sale","16":"shipping-taxable","17":"purchasable","18":"product-type-simple"},"_links":{"self":[{"href":"https:\/\/casacumbia.com\/en\/wp-json\/wp\/v2\/product\/50169","targetHints":{"allow":["GET"]}}],"collection":[{"href":"https:\/\/casacumbia.com\/en\/wp-json\/wp\/v2\/product"}],"about":[{"href":"https:\/\/casacumbia.com\/en\/wp-json\/wp\/v2\/types\/product"}],"replies":[{"embeddable":true,"href":"https:\/\/casacumbia.com\/en\/wp-json\/wp\/v2\/comments?post=50169"}],"version-history":[{"count":2,"href":"https:\/\/casacumbia.com\/en\/wp-json\/wp\/v2\/product\/50169\/revisions"}],"predecessor-version":[{"id":54077,"href":"https:\/\/casacumbia.com\/en\/wp-json\/wp\/v2\/product\/50169\/revisions\/54077"}],"wp:featuredmedia":[{"embeddable":true,"href":"https:\/\/casacumbia.com\/en\/wp-json\/wp\/v2\/media\/31808"}],"wp:attachment":[{"href":"https:\/\/casacumbia.com\/en\/wp-json\/wp\/v2\/media?parent=50169"}],"wp:term":[{"taxonomy":"product_brand","embeddable":true,"href":"https:\/\/casacumbia.com\/en\/wp-json\/wp\/v2\/product_brand?post=50169"},{"taxonomy":"product_cat","embeddable":true,"href":"https:\/\/casacumbia.com\/en\/wp-json\/wp\/v2\/product_cat?post=50169"},{"taxonomy":"product_tag","embeddable":true,"href":"https:\/\/casacumbia.com\/en\/wp-json\/wp\/v2\/product_tag?post=50169"}],"curies":[{"name":"wp","href":"https:\/\/api.w.org\/{rel}","templated":true}]}}