{"id":50168,"date":"2025-07-20T18:18:53","date_gmt":"2025-07-20T16:18:53","guid":{"rendered":"https:\/\/casacumbia.com\/product\/housse-de-coussin-a-franges-noire-lisse\/"},"modified":"2025-09-21T15:14:12","modified_gmt":"2025-09-21T13:14:12","slug":"housse-de-coussin-a-franges-noire-lisse","status":"publish","type":"product","link":"https:\/\/casacumbia.com\/en\/produit\/housse-de-coussin-a-franges-noire-lisse\/","title":{"rendered":"Housse de Coussin \u00e0 Franges Noir LISSE"},"content":{"rendered":"<p>Housse de Coussin \u00e0 Franges Noir LISSE. Une pi\u00e8ce essentielle de casacumbia, parfaite pour apporter une touche de style et de confort \u00e0 votre espace avec originalit\u00e9 et charme. <\/p>\n","protected":false},"excerpt":{"rendered":"<p>Housse de Coussin \u00e0 Franges Noir LISSE. Une pi\u00e8ce essentielle de casacumbia, parfaite pour apporter une touche de style et<\/p>\n","protected":false},"featured_media":31788,"comment_status":"closed","ping_status":"closed","template":"","meta":[],"product_brand":[],"product_cat":[238,182,204],"product_tag":[181,176,166],"class_list":{"0":"post-50168","1":"product","2":"type-product","3":"status-publish","4":"has-post-thumbnail","6":"product_cat-coussins","7":"product_cat-textiles-2","8":"product_cat-promotions-2","9":"product_tag-integre-pim","10":"product_tag-petites-dimensions","11":"product_tag-produits-en-ligne","13":"first","14":"instock","15":"sale","16":"shipping-taxable","17":"purchasable","18":"product-type-simple"},"_links":{"self":[{"href":"https:\/\/casacumbia.com\/en\/wp-json\/wp\/v2\/product\/50168","targetHints":{"allow":["GET"]}}],"collection":[{"href":"https:\/\/casacumbia.com\/en\/wp-json\/wp\/v2\/product"}],"about":[{"href":"https:\/\/casacumbia.com\/en\/wp-json\/wp\/v2\/types\/product"}],"replies":[{"embeddable":true,"href":"https:\/\/casacumbia.com\/en\/wp-json\/wp\/v2\/comments?post=50168"}],"version-history":[{"count":2,"href":"https:\/\/casacumbia.com\/en\/wp-json\/wp\/v2\/product\/50168\/revisions"}],"predecessor-version":[{"id":54076,"href":"https:\/\/casacumbia.com\/en\/wp-json\/wp\/v2\/product\/50168\/revisions\/54076"}],"wp:featuredmedia":[{"embeddable":true,"href":"https:\/\/casacumbia.com\/en\/wp-json\/wp\/v2\/media\/31788"}],"wp:attachment":[{"href":"https:\/\/casacumbia.com\/en\/wp-json\/wp\/v2\/media?parent=50168"}],"wp:term":[{"taxonomy":"product_brand","embeddable":true,"href":"https:\/\/casacumbia.com\/en\/wp-json\/wp\/v2\/product_brand?post=50168"},{"taxonomy":"product_cat","embeddable":true,"href":"https:\/\/casacumbia.com\/en\/wp-json\/wp\/v2\/product_cat?post=50168"},{"taxonomy":"product_tag","embeddable":true,"href":"https:\/\/casacumbia.com\/en\/wp-json\/wp\/v2\/product_tag?post=50168"}],"curies":[{"name":"wp","href":"https:\/\/api.w.org\/{rel}","templated":true}]}}