{"id":50165,"date":"2025-07-20T18:17:58","date_gmt":"2025-07-20T16:17:58","guid":{"rendered":"https:\/\/casacumbia.com\/product\/diffuseur-neutralisateur-dodeurs-pour-animaux-de-compagnie-house-essence\/"},"modified":"2025-09-21T15:14:12","modified_gmt":"2025-09-21T13:14:12","slug":"diffuseur-neutralisateur-dodeurs-pour-animaux-de-compagnie-house-essence","status":"publish","type":"product","link":"https:\/\/casacumbia.com\/en\/produit\/diffuseur-neutralisateur-dodeurs-pour-animaux-de-compagnie-house-essence\/","title":{"rendered":"Diffuseur \/ Neutraliseur d&#8217;Odeurs d&#8217;Animaux de Compagnie HOUSE ESSENCE"},"content":{"rendered":"<p>Collection de neutraliseurs d&#8217;odeurs pour diff\u00e9rents types de personnes. Le parfum Shea Butter se caract\u00e9rise par une fragrance tranquille et r\u00e9confortante, avec un ar\u00f4me floral. <\/p>\n","protected":false},"excerpt":{"rendered":"<p>Collection de neutraliseurs d&#8217;odeurs pour diff\u00e9rents types de personnes. Le parfum Shea Butter se caract\u00e9rise par une fragrance tranquille et<\/p>\n","protected":false},"featured_media":31254,"comment_status":"closed","ping_status":"closed","template":"","meta":[],"product_brand":[],"product_cat":[264],"product_tag":[181,176,166],"class_list":{"0":"post-50165","1":"product","2":"type-product","3":"status-publish","4":"has-post-thumbnail","6":"product_cat-bougies","7":"product_tag-integre-pim","8":"product_tag-petites-dimensions","9":"product_tag-produits-en-ligne","11":"first","12":"instock","13":"shipping-taxable","14":"purchasable","15":"product-type-simple"},"_links":{"self":[{"href":"https:\/\/casacumbia.com\/en\/wp-json\/wp\/v2\/product\/50165","targetHints":{"allow":["GET"]}}],"collection":[{"href":"https:\/\/casacumbia.com\/en\/wp-json\/wp\/v2\/product"}],"about":[{"href":"https:\/\/casacumbia.com\/en\/wp-json\/wp\/v2\/types\/product"}],"replies":[{"embeddable":true,"href":"https:\/\/casacumbia.com\/en\/wp-json\/wp\/v2\/comments?post=50165"}],"version-history":[{"count":1,"href":"https:\/\/casacumbia.com\/en\/wp-json\/wp\/v2\/product\/50165\/revisions"}],"predecessor-version":[{"id":53509,"href":"https:\/\/casacumbia.com\/en\/wp-json\/wp\/v2\/product\/50165\/revisions\/53509"}],"wp:featuredmedia":[{"embeddable":true,"href":"https:\/\/casacumbia.com\/en\/wp-json\/wp\/v2\/media\/31254"}],"wp:attachment":[{"href":"https:\/\/casacumbia.com\/en\/wp-json\/wp\/v2\/media?parent=50165"}],"wp:term":[{"taxonomy":"product_brand","embeddable":true,"href":"https:\/\/casacumbia.com\/en\/wp-json\/wp\/v2\/product_brand?post=50165"},{"taxonomy":"product_cat","embeddable":true,"href":"https:\/\/casacumbia.com\/en\/wp-json\/wp\/v2\/product_cat?post=50165"},{"taxonomy":"product_tag","embeddable":true,"href":"https:\/\/casacumbia.com\/en\/wp-json\/wp\/v2\/product_tag?post=50165"}],"curies":[{"name":"wp","href":"https:\/\/api.w.org\/{rel}","templated":true}]}}