{"id":50158,"date":"2025-07-20T18:17:58","date_gmt":"2025-07-20T16:17:58","guid":{"rendered":"https:\/\/casacumbia.com\/product\/marque-page-en-metal-argente-party\/"},"modified":"2025-09-21T15:14:10","modified_gmt":"2025-09-21T13:14:10","slug":"marque-page-en-metal-argente-party","status":"publish","type":"product","link":"https:\/\/casacumbia.com\/en\/produit\/marque-page-en-metal-argente-party\/","title":{"rendered":"Marque-page en M\u00e9tal Argent\u00e9 PARTY"},"content":{"rendered":"<p>Une collection de compl\u00e9ments de table et d&#8217;accessoires de bar cr\u00e9\u00e9e pour transformer chaque occasion en un moment m\u00e9morable.<br \/>Des d\u00eeners intimes aux c\u00e9l\u00e9brations vibrantes, PARTY \u00e9l\u00e8ve l&#8217;exp\u00e9rience avec des pi\u00e8ces marquantes, fonctionnelles et pleines de personnalit\u00e9.<\/p>\n","protected":false},"excerpt":{"rendered":"<p>Une collection de compl\u00e9ments de table et d&#8217;accessoires de bar cr\u00e9\u00e9e pour transformer chaque occasion en un moment m\u00e9morable.Des d\u00eeners<\/p>\n","protected":false},"featured_media":31252,"comment_status":"closed","ping_status":"closed","template":"","meta":[],"product_brand":[],"product_cat":[266],"product_tag":[181,176,166],"class_list":{"0":"post-50158","1":"product","2":"type-product","3":"status-publish","4":"has-post-thumbnail","6":"product_cat-poubelle","7":"product_tag-integre-pim","8":"product_tag-petites-dimensions","9":"product_tag-produits-en-ligne","11":"first","12":"instock","13":"shipping-taxable","14":"purchasable","15":"product-type-simple"},"_links":{"self":[{"href":"https:\/\/casacumbia.com\/en\/wp-json\/wp\/v2\/product\/50158","targetHints":{"allow":["GET"]}}],"collection":[{"href":"https:\/\/casacumbia.com\/en\/wp-json\/wp\/v2\/product"}],"about":[{"href":"https:\/\/casacumbia.com\/en\/wp-json\/wp\/v2\/types\/product"}],"replies":[{"embeddable":true,"href":"https:\/\/casacumbia.com\/en\/wp-json\/wp\/v2\/comments?post=50158"}],"version-history":[{"count":1,"href":"https:\/\/casacumbia.com\/en\/wp-json\/wp\/v2\/product\/50158\/revisions"}],"predecessor-version":[{"id":53511,"href":"https:\/\/casacumbia.com\/en\/wp-json\/wp\/v2\/product\/50158\/revisions\/53511"}],"wp:featuredmedia":[{"embeddable":true,"href":"https:\/\/casacumbia.com\/en\/wp-json\/wp\/v2\/media\/31252"}],"wp:attachment":[{"href":"https:\/\/casacumbia.com\/en\/wp-json\/wp\/v2\/media?parent=50158"}],"wp:term":[{"taxonomy":"product_brand","embeddable":true,"href":"https:\/\/casacumbia.com\/en\/wp-json\/wp\/v2\/product_brand?post=50158"},{"taxonomy":"product_cat","embeddable":true,"href":"https:\/\/casacumbia.com\/en\/wp-json\/wp\/v2\/product_cat?post=50158"},{"taxonomy":"product_tag","embeddable":true,"href":"https:\/\/casacumbia.com\/en\/wp-json\/wp\/v2\/product_tag?post=50158"}],"curies":[{"name":"wp","href":"https:\/\/api.w.org\/{rel}","templated":true}]}}