{"id":50152,"date":"2025-07-20T18:17:58","date_gmt":"2025-07-20T16:17:58","guid":{"rendered":"https:\/\/casacumbia.com\/product\/diffuseur-neutralisateur-dodeurs-tabac-house-essence\/"},"modified":"2025-09-21T15:14:07","modified_gmt":"2025-09-21T13:14:07","slug":"diffuseur-neutralisateur-dodeurs-tabac-house-essence","status":"publish","type":"product","link":"https:\/\/casacumbia.com\/en\/produit\/diffuseur-neutralisateur-dodeurs-tabac-house-essence\/","title":{"rendered":"Diffuseur \/ Neutraliseur d&#8217;Odeurs Tabac HOUSE ESSENCE"},"content":{"rendered":"<p>Collection de neutraliseurs d&#8217;odeurs pour diff\u00e9rents types de personnes. Le parfum Citrus Ozonic se caract\u00e9rise par une fragrance citronn\u00e9e. <\/p>\n","protected":false},"excerpt":{"rendered":"<p>Collection de neutraliseurs d&#8217;odeurs pour diff\u00e9rents types de personnes. Le parfum Citrus Ozonic se caract\u00e9rise par une fragrance citronn\u00e9e.<\/p>\n","protected":false},"featured_media":31272,"comment_status":"closed","ping_status":"closed","template":"","meta":[],"product_brand":[],"product_cat":[264],"product_tag":[181,176,166],"class_list":{"0":"post-50152","1":"product","2":"type-product","3":"status-publish","4":"has-post-thumbnail","6":"product_cat-bougies","7":"product_tag-integre-pim","8":"product_tag-petites-dimensions","9":"product_tag-produits-en-ligne","11":"first","12":"instock","13":"shipping-taxable","14":"purchasable","15":"product-type-simple"},"_links":{"self":[{"href":"https:\/\/casacumbia.com\/en\/wp-json\/wp\/v2\/product\/50152","targetHints":{"allow":["GET"]}}],"collection":[{"href":"https:\/\/casacumbia.com\/en\/wp-json\/wp\/v2\/product"}],"about":[{"href":"https:\/\/casacumbia.com\/en\/wp-json\/wp\/v2\/types\/product"}],"replies":[{"embeddable":true,"href":"https:\/\/casacumbia.com\/en\/wp-json\/wp\/v2\/comments?post=50152"}],"version-history":[{"count":1,"href":"https:\/\/casacumbia.com\/en\/wp-json\/wp\/v2\/product\/50152\/revisions"}],"predecessor-version":[{"id":53494,"href":"https:\/\/casacumbia.com\/en\/wp-json\/wp\/v2\/product\/50152\/revisions\/53494"}],"wp:featuredmedia":[{"embeddable":true,"href":"https:\/\/casacumbia.com\/en\/wp-json\/wp\/v2\/media\/31272"}],"wp:attachment":[{"href":"https:\/\/casacumbia.com\/en\/wp-json\/wp\/v2\/media?parent=50152"}],"wp:term":[{"taxonomy":"product_brand","embeddable":true,"href":"https:\/\/casacumbia.com\/en\/wp-json\/wp\/v2\/product_brand?post=50152"},{"taxonomy":"product_cat","embeddable":true,"href":"https:\/\/casacumbia.com\/en\/wp-json\/wp\/v2\/product_cat?post=50152"},{"taxonomy":"product_tag","embeddable":true,"href":"https:\/\/casacumbia.com\/en\/wp-json\/wp\/v2\/product_tag?post=50152"}],"curies":[{"name":"wp","href":"https:\/\/api.w.org\/{rel}","templated":true}]}}