{"id":50145,"date":"2025-07-20T18:18:44","date_gmt":"2025-07-20T16:18:44","guid":{"rendered":"https:\/\/casacumbia.com\/product\/planche-rectangulaire-en-marbre-vert-marble\/"},"modified":"2025-09-21T15:14:06","modified_gmt":"2025-09-21T13:14:06","slug":"planche-rectangulaire-en-marbre-vert-marble","status":"publish","type":"product","link":"https:\/\/casacumbia.com\/en\/produit\/planche-rectangulaire-en-marbre-vert-marble\/","title":{"rendered":"Planche Rectangulaire en Marbre Vert MARBLE"},"content":{"rendered":"<p>Les objets fabriqu\u00e9s \u00e0 partir de marbre sont une tendance dans la d\u00e9coration des espaces du quotidien, ce qui se refl\u00e8te \u00e9galement sur la table et en cuisine. <br \/>La collection Marble est la rencontre parfaite entre le classique et le moderne, \u00e9tant donn\u00e9 que l&#8217;utilisation de mat\u00e9riaux naturels et durables, du marbre au bois en passant par le verre, combin\u00e9e \u00e0 des lignes \u00e9pur\u00e9es, conf\u00e8re une touche intemporelle d&#8217;\u00e9l\u00e9gance et de beaut\u00e9 \u00e0 la d\u00e9coration de votre table. <br \/>Produites manuellement, chaque pi\u00e8ce est unique, que ce soit en dimensions, finitions, texture ou coloration, ce qui apportera une individualit\u00e9 suppl\u00e9mentaire \u00e0 votre d\u00e9coration.<\/p>\n","protected":false},"excerpt":{"rendered":"<p>Les objets fabriqu\u00e9s \u00e0 partir de marbre sont une tendance dans la d\u00e9coration des espaces du quotidien, ce qui se<\/p>\n","protected":false},"featured_media":31691,"comment_status":"closed","ping_status":"closed","template":"","meta":[],"product_brand":[],"product_cat":[282,204],"product_tag":[181,176,166],"class_list":{"0":"post-50145","1":"product","2":"type-product","3":"status-publish","4":"has-post-thumbnail","6":"product_cat-planches","7":"product_cat-promotions-2","8":"product_tag-integre-pim","9":"product_tag-petites-dimensions","10":"product_tag-produits-en-ligne","12":"first","13":"instock","14":"sale","15":"shipping-taxable","16":"purchasable","17":"product-type-simple"},"_links":{"self":[{"href":"https:\/\/casacumbia.com\/en\/wp-json\/wp\/v2\/product\/50145","targetHints":{"allow":["GET"]}}],"collection":[{"href":"https:\/\/casacumbia.com\/en\/wp-json\/wp\/v2\/product"}],"about":[{"href":"https:\/\/casacumbia.com\/en\/wp-json\/wp\/v2\/types\/product"}],"replies":[{"embeddable":true,"href":"https:\/\/casacumbia.com\/en\/wp-json\/wp\/v2\/comments?post=50145"}],"version-history":[{"count":1,"href":"https:\/\/casacumbia.com\/en\/wp-json\/wp\/v2\/product\/50145\/revisions"}],"predecessor-version":[{"id":52805,"href":"https:\/\/casacumbia.com\/en\/wp-json\/wp\/v2\/product\/50145\/revisions\/52805"}],"wp:featuredmedia":[{"embeddable":true,"href":"https:\/\/casacumbia.com\/en\/wp-json\/wp\/v2\/media\/31691"}],"wp:attachment":[{"href":"https:\/\/casacumbia.com\/en\/wp-json\/wp\/v2\/media?parent=50145"}],"wp:term":[{"taxonomy":"product_brand","embeddable":true,"href":"https:\/\/casacumbia.com\/en\/wp-json\/wp\/v2\/product_brand?post=50145"},{"taxonomy":"product_cat","embeddable":true,"href":"https:\/\/casacumbia.com\/en\/wp-json\/wp\/v2\/product_cat?post=50145"},{"taxonomy":"product_tag","embeddable":true,"href":"https:\/\/casacumbia.com\/en\/wp-json\/wp\/v2\/product_tag?post=50145"}],"curies":[{"name":"wp","href":"https:\/\/api.w.org\/{rel}","templated":true}]}}