{"id":50141,"date":"2025-07-20T18:18:07","date_gmt":"2025-07-20T16:18:07","guid":{"rendered":"https:\/\/casacumbia.com\/product\/service-a-gateau-7-pieces-argente-hotel\/"},"modified":"2025-09-21T15:14:05","modified_gmt":"2025-09-21T13:14:05","slug":"service-a-gateau-7-pieces-argente-hotel","status":"publish","type":"product","link":"https:\/\/casacumbia.com\/en\/produit\/service-a-gateau-7-pieces-argente-hotel\/","title":{"rendered":"M\u00e9nag\u00e8re 7 Pi\u00e8ces G\u00e2teau Argent\u00e9 HOTEL"},"content":{"rendered":"<p>Fabriqu\u00e9s au Portugal, nos couverts sont en acier inoxydable 18\/10 18 % de chrome et 10 % de nickel ce qui leur conf\u00e8re plus d&#8217;\u00e9clat, une plus grande durabilit\u00e9 et une r\u00e9sistance \u00e0 la corrosion.<br \/>Ils n&#8217;absorbent ni odeurs ni micro-organismes.<br \/>L&#8217;acier inox est \u00e9galement 100 % recyclable.<\/p>\n","protected":false},"excerpt":{"rendered":"<p>Fabriqu\u00e9s au Portugal, nos couverts sont en acier inoxydable 18\/10 18 % de chrome et 10 % de nickel ce<\/p>\n","protected":false},"featured_media":31300,"comment_status":"closed","ping_status":"closed","template":"","meta":[],"product_brand":[],"product_cat":[256],"product_tag":[181,176,166],"class_list":{"0":"post-50141","1":"product","2":"type-product","3":"status-publish","4":"has-post-thumbnail","6":"product_cat-couverts","7":"product_tag-integre-pim","8":"product_tag-petites-dimensions","9":"product_tag-produits-en-ligne","11":"first","12":"instock","13":"shipping-taxable","14":"purchasable","15":"product-type-simple"},"_links":{"self":[{"href":"https:\/\/casacumbia.com\/en\/wp-json\/wp\/v2\/product\/50141","targetHints":{"allow":["GET"]}}],"collection":[{"href":"https:\/\/casacumbia.com\/en\/wp-json\/wp\/v2\/product"}],"about":[{"href":"https:\/\/casacumbia.com\/en\/wp-json\/wp\/v2\/types\/product"}],"replies":[{"embeddable":true,"href":"https:\/\/casacumbia.com\/en\/wp-json\/wp\/v2\/comments?post=50141"}],"version-history":[{"count":1,"href":"https:\/\/casacumbia.com\/en\/wp-json\/wp\/v2\/product\/50141\/revisions"}],"predecessor-version":[{"id":52884,"href":"https:\/\/casacumbia.com\/en\/wp-json\/wp\/v2\/product\/50141\/revisions\/52884"}],"wp:featuredmedia":[{"embeddable":true,"href":"https:\/\/casacumbia.com\/en\/wp-json\/wp\/v2\/media\/31300"}],"wp:attachment":[{"href":"https:\/\/casacumbia.com\/en\/wp-json\/wp\/v2\/media?parent=50141"}],"wp:term":[{"taxonomy":"product_brand","embeddable":true,"href":"https:\/\/casacumbia.com\/en\/wp-json\/wp\/v2\/product_brand?post=50141"},{"taxonomy":"product_cat","embeddable":true,"href":"https:\/\/casacumbia.com\/en\/wp-json\/wp\/v2\/product_cat?post=50141"},{"taxonomy":"product_tag","embeddable":true,"href":"https:\/\/casacumbia.com\/en\/wp-json\/wp\/v2\/product_tag?post=50141"}],"curies":[{"name":"wp","href":"https:\/\/api.w.org\/{rel}","templated":true}]}}