{"id":50136,"date":"2025-07-20T18:17:57","date_gmt":"2025-07-20T16:17:57","guid":{"rendered":"https:\/\/casacumbia.com\/product\/console-avec-plateau-en-miroir-dore-hobart\/"},"modified":"2025-09-21T15:14:03","modified_gmt":"2025-09-21T13:14:03","slug":"console-avec-plateau-en-miroir-dore-hobart","status":"publish","type":"product","link":"https:\/\/casacumbia.com\/en\/produit\/console-avec-plateau-en-miroir-dore-hobart\/","title":{"rendered":"Console avec Plateau Miroir Dor\u00e9 HOBART"},"content":{"rendered":"<p>La <strong data-start=\"1006\" data-end=\"1024\">console HOBART<\/strong> est une pi\u00e8ce \u00e0 forte pr\u00e9sence, o\u00f9 la sym\u00e9trie inclin\u00e9e des tiges cr\u00e9e un effet graphique et presque cin\u00e9tique. Son design ouvert et a\u00e9r\u00e9 contraste avec la rigidit\u00e9 des mat\u00e9riaux, apportant de la l\u00e9g\u00e8ret\u00e9 \u00e0 la composition. Id\u00e9ale pour les halls, couloirs ou comme support \u00e9l\u00e9gant dans les espaces sociaux.  <\/p>\n","protected":false},"excerpt":{"rendered":"<p>La console HOBART est une pi\u00e8ce \u00e0 forte pr\u00e9sence, o\u00f9 la sym\u00e9trie inclin\u00e9e des tiges cr\u00e9e un effet graphique et<\/p>\n","protected":false},"featured_media":31164,"comment_status":"closed","ping_status":"closed","template":"","meta":[],"product_brand":[],"product_cat":[247],"product_tag":[173,165,166],"class_list":{"0":"post-50136","1":"product","2":"type-product","3":"status-publish","4":"has-post-thumbnail","6":"product_cat-meublesalon","7":"product_tag-grandes-dimensions","8":"product_tag-pas_d_images","9":"product_tag-produits-en-ligne","11":"first","12":"instock","13":"shipping-taxable","14":"purchasable","15":"product-type-simple"},"_links":{"self":[{"href":"https:\/\/casacumbia.com\/en\/wp-json\/wp\/v2\/product\/50136","targetHints":{"allow":["GET"]}}],"collection":[{"href":"https:\/\/casacumbia.com\/en\/wp-json\/wp\/v2\/product"}],"about":[{"href":"https:\/\/casacumbia.com\/en\/wp-json\/wp\/v2\/types\/product"}],"replies":[{"embeddable":true,"href":"https:\/\/casacumbia.com\/en\/wp-json\/wp\/v2\/comments?post=50136"}],"version-history":[{"count":1,"href":"https:\/\/casacumbia.com\/en\/wp-json\/wp\/v2\/product\/50136\/revisions"}],"predecessor-version":[{"id":52770,"href":"https:\/\/casacumbia.com\/en\/wp-json\/wp\/v2\/product\/50136\/revisions\/52770"}],"wp:featuredmedia":[{"embeddable":true,"href":"https:\/\/casacumbia.com\/en\/wp-json\/wp\/v2\/media\/31164"}],"wp:attachment":[{"href":"https:\/\/casacumbia.com\/en\/wp-json\/wp\/v2\/media?parent=50136"}],"wp:term":[{"taxonomy":"product_brand","embeddable":true,"href":"https:\/\/casacumbia.com\/en\/wp-json\/wp\/v2\/product_brand?post=50136"},{"taxonomy":"product_cat","embeddable":true,"href":"https:\/\/casacumbia.com\/en\/wp-json\/wp\/v2\/product_cat?post=50136"},{"taxonomy":"product_tag","embeddable":true,"href":"https:\/\/casacumbia.com\/en\/wp-json\/wp\/v2\/product_tag?post=50136"}],"curies":[{"name":"wp","href":"https:\/\/api.w.org\/{rel}","templated":true}]}}