{"id":50134,"date":"2025-07-20T18:17:57","date_gmt":"2025-07-20T16:17:57","guid":{"rendered":"https:\/\/casacumbia.com\/product\/fauteuil-confortable-taupe-beige-spencer\/"},"modified":"2025-09-21T15:14:03","modified_gmt":"2025-09-21T13:14:03","slug":"fauteuil-confortable-taupe-beige-spencer","status":"publish","type":"product","link":"https:\/\/casacumbia.com\/en\/produit\/fauteuil-confortable-taupe-beige-spencer\/","title":{"rendered":"Fauteuil Confortable Taupe\/Beige SPENCER"},"content":{"rendered":"<p class=\"MsoNormal\">La collection <span class=\"il\">SPENCER<\/span> compos\u00e9e de canap\u00e9s et de fauteuils, est une mise \u00e0 jour sophistiqu\u00e9e du style contemporain avec des influences classiques. D\u00e9velopp\u00e9e en pensant au confort et \u00e0 l&#8217;\u00e9l\u00e9gance, cette collection offre un \u00e9quilibre parfait entre fonctionnalit\u00e9 et esth\u00e9tique. <u><\/u><u><\/u><\/p>\n<p class=\"MsoNormal\">Elle se distingue par l&#8217;attention aux d\u00e9tails, o\u00f9 les tissus principaux \u2014 bleu fonc\u00e9, toffee et taupe \u2014 se combinent harmonieusement avec le passepoil contrastant en beige, conf\u00e9rant une touche de distinction et de sophistication \u00e0 chaque produit. Id\u00e9ale pour ceux qui appr\u00e9cient un style intemporel avec une approche moderne. <\/p>\n","protected":false},"excerpt":{"rendered":"<p>La collection SPENCER compos\u00e9e de canap\u00e9s et de fauteuils, est une mise \u00e0 jour sophistiqu\u00e9e du style contemporain avec des<\/p>\n","protected":false},"featured_media":31166,"comment_status":"closed","ping_status":"closed","template":"","meta":[],"product_brand":[],"product_cat":[246,149],"product_tag":[173,213,165,166],"class_list":{"0":"post-50134","1":"product","2":"type-product","3":"status-publish","4":"has-post-thumbnail","6":"product_cat-canapes","7":"product_cat-furniture-2","8":"product_tag-grandes-dimensions","9":"product_tag-nouveaute","10":"product_tag-pas_d_images","11":"product_tag-produits-en-ligne","13":"first","14":"instock","15":"shipping-taxable","16":"purchasable","17":"product-type-simple"},"_links":{"self":[{"href":"https:\/\/casacumbia.com\/en\/wp-json\/wp\/v2\/product\/50134","targetHints":{"allow":["GET"]}}],"collection":[{"href":"https:\/\/casacumbia.com\/en\/wp-json\/wp\/v2\/product"}],"about":[{"href":"https:\/\/casacumbia.com\/en\/wp-json\/wp\/v2\/types\/product"}],"replies":[{"embeddable":true,"href":"https:\/\/casacumbia.com\/en\/wp-json\/wp\/v2\/comments?post=50134"}],"version-history":[{"count":1,"href":"https:\/\/casacumbia.com\/en\/wp-json\/wp\/v2\/product\/50134\/revisions"}],"predecessor-version":[{"id":52768,"href":"https:\/\/casacumbia.com\/en\/wp-json\/wp\/v2\/product\/50134\/revisions\/52768"}],"wp:featuredmedia":[{"embeddable":true,"href":"https:\/\/casacumbia.com\/en\/wp-json\/wp\/v2\/media\/31166"}],"wp:attachment":[{"href":"https:\/\/casacumbia.com\/en\/wp-json\/wp\/v2\/media?parent=50134"}],"wp:term":[{"taxonomy":"product_brand","embeddable":true,"href":"https:\/\/casacumbia.com\/en\/wp-json\/wp\/v2\/product_brand?post=50134"},{"taxonomy":"product_cat","embeddable":true,"href":"https:\/\/casacumbia.com\/en\/wp-json\/wp\/v2\/product_cat?post=50134"},{"taxonomy":"product_tag","embeddable":true,"href":"https:\/\/casacumbia.com\/en\/wp-json\/wp\/v2\/product_tag?post=50134"}],"curies":[{"name":"wp","href":"https:\/\/api.w.org\/{rel}","templated":true}]}}