{"id":50131,"date":"2025-07-20T18:17:49","date_gmt":"2025-07-20T16:17:49","guid":{"rendered":"https:\/\/casacumbia.com\/product\/chaise-marron-sans-accoudoirs-antarctique\/"},"modified":"2025-09-21T15:14:02","modified_gmt":"2025-09-21T13:14:02","slug":"chaise-marron-sans-accoudoirs-antarctique","status":"publish","type":"product","link":"https:\/\/casacumbia.com\/en\/produit\/chaise-marron-sans-accoudoirs-antarctique\/","title":{"rendered":"Chaise Marron Sans Accoudoirs ANTARCTIQUE"},"content":{"rendered":"<p>Chaise Marron Sans Accoudoirs ANTARCTIQUEUne pi\u00e8ce essentielle de casacumbia, parfaite pour apporter une touche de style et de confort \u00e0 votre espace avec originalit\u00e9 et charme.<\/p>\n","protected":false},"excerpt":{"rendered":"<p>Chaise Marron Sans Accoudoirs ANTARCTIQUEUne pi\u00e8ce essentielle de casacumbia, parfaite pour apporter une touche de style et de confort \u00e0<\/p>\n","protected":false},"featured_media":31148,"comment_status":"closed","ping_status":"closed","template":"","meta":[],"product_brand":[],"product_cat":[247],"product_tag":[173,165,166],"class_list":{"0":"post-50131","1":"product","2":"type-product","3":"status-publish","4":"has-post-thumbnail","6":"product_cat-meublesalon","7":"product_tag-grandes-dimensions","8":"product_tag-pas_d_images","9":"product_tag-produits-en-ligne","11":"first","12":"instock","13":"shipping-taxable","14":"purchasable","15":"product-type-simple"},"_links":{"self":[{"href":"https:\/\/casacumbia.com\/en\/wp-json\/wp\/v2\/product\/50131","targetHints":{"allow":["GET"]}}],"collection":[{"href":"https:\/\/casacumbia.com\/en\/wp-json\/wp\/v2\/product"}],"about":[{"href":"https:\/\/casacumbia.com\/en\/wp-json\/wp\/v2\/types\/product"}],"replies":[{"embeddable":true,"href":"https:\/\/casacumbia.com\/en\/wp-json\/wp\/v2\/comments?post=50131"}],"version-history":[{"count":2,"href":"https:\/\/casacumbia.com\/en\/wp-json\/wp\/v2\/product\/50131\/revisions"}],"predecessor-version":[{"id":54070,"href":"https:\/\/casacumbia.com\/en\/wp-json\/wp\/v2\/product\/50131\/revisions\/54070"}],"wp:featuredmedia":[{"embeddable":true,"href":"https:\/\/casacumbia.com\/en\/wp-json\/wp\/v2\/media\/31148"}],"wp:attachment":[{"href":"https:\/\/casacumbia.com\/en\/wp-json\/wp\/v2\/media?parent=50131"}],"wp:term":[{"taxonomy":"product_brand","embeddable":true,"href":"https:\/\/casacumbia.com\/en\/wp-json\/wp\/v2\/product_brand?post=50131"},{"taxonomy":"product_cat","embeddable":true,"href":"https:\/\/casacumbia.com\/en\/wp-json\/wp\/v2\/product_cat?post=50131"},{"taxonomy":"product_tag","embeddable":true,"href":"https:\/\/casacumbia.com\/en\/wp-json\/wp\/v2\/product_tag?post=50131"}],"curies":[{"name":"wp","href":"https:\/\/api.w.org\/{rel}","templated":true}]}}