{"id":50121,"date":"2025-07-20T18:17:58","date_gmt":"2025-07-20T16:17:58","guid":{"rendered":"https:\/\/casacumbia.com\/product\/applique-murale-led-noire-globus\/"},"modified":"2025-09-21T15:13:59","modified_gmt":"2025-09-21T13:13:59","slug":"applique-murale-led-noire-globus","status":"publish","type":"product","link":"https:\/\/casacumbia.com\/en\/produit\/applique-murale-led-noire-globus\/","title":{"rendered":"Applique murale LED noire GLOBUS"},"content":{"rendered":"<p>Minimalisme avec impact. La collection GLOBUS se distingue par son design contemporain de sph\u00e8res m\u00e9talliques noires, qui conf\u00e8rent un style moderne et sophistiqu\u00e9 \u00e0 tout espace. Avec des formes pures et une finition mate, ces luminaires sont id\u00e9aux pour les environnements urbains et actuels, o\u00f9 moins c&#8217;est plus \u2014 mais cela ne passe jamais inaper\u00e7u.  <\/p>\n","protected":false},"excerpt":{"rendered":"<p>Minimalisme avec impact. La collection GLOBUS se distingue par son design contemporain de sph\u00e8res m\u00e9talliques noires, qui conf\u00e8rent un style<\/p>\n","protected":false},"featured_media":31237,"comment_status":"closed","ping_status":"closed","template":"","meta":[],"product_brand":[],"product_cat":[201,204],"product_tag":[181,176,166],"class_list":{"0":"post-50121","1":"product","2":"type-product","3":"status-publish","4":"has-post-thumbnail","6":"product_cat-lighting-2","7":"product_cat-promotions-2","8":"product_tag-integre-pim","9":"product_tag-petites-dimensions","10":"product_tag-produits-en-ligne","12":"first","13":"instock","14":"sale","15":"shipping-taxable","16":"purchasable","17":"product-type-simple"},"_links":{"self":[{"href":"https:\/\/casacumbia.com\/en\/wp-json\/wp\/v2\/product\/50121","targetHints":{"allow":["GET"]}}],"collection":[{"href":"https:\/\/casacumbia.com\/en\/wp-json\/wp\/v2\/product"}],"about":[{"href":"https:\/\/casacumbia.com\/en\/wp-json\/wp\/v2\/types\/product"}],"replies":[{"embeddable":true,"href":"https:\/\/casacumbia.com\/en\/wp-json\/wp\/v2\/comments?post=50121"}],"version-history":[{"count":1,"href":"https:\/\/casacumbia.com\/en\/wp-json\/wp\/v2\/product\/50121\/revisions"}],"predecessor-version":[{"id":53512,"href":"https:\/\/casacumbia.com\/en\/wp-json\/wp\/v2\/product\/50121\/revisions\/53512"}],"wp:featuredmedia":[{"embeddable":true,"href":"https:\/\/casacumbia.com\/en\/wp-json\/wp\/v2\/media\/31237"}],"wp:attachment":[{"href":"https:\/\/casacumbia.com\/en\/wp-json\/wp\/v2\/media?parent=50121"}],"wp:term":[{"taxonomy":"product_brand","embeddable":true,"href":"https:\/\/casacumbia.com\/en\/wp-json\/wp\/v2\/product_brand?post=50121"},{"taxonomy":"product_cat","embeddable":true,"href":"https:\/\/casacumbia.com\/en\/wp-json\/wp\/v2\/product_cat?post=50121"},{"taxonomy":"product_tag","embeddable":true,"href":"https:\/\/casacumbia.com\/en\/wp-json\/wp\/v2\/product_tag?post=50121"}],"curies":[{"name":"wp","href":"https:\/\/api.w.org\/{rel}","templated":true}]}}