{"id":50104,"date":"2025-07-20T18:17:48","date_gmt":"2025-07-20T16:17:48","guid":{"rendered":"https:\/\/casacumbia.com\/product\/verre-a-pied-bleu-barcelona\/"},"modified":"2025-09-21T15:13:55","modified_gmt":"2025-09-21T13:13:55","slug":"verre-a-pied-bleu-barcelona","status":"publish","type":"product","link":"https:\/\/casacumbia.com\/en\/produit\/verre-a-pied-bleu-barcelona\/","title":{"rendered":"Verre \u00e0 pied bleu BARCELONA"},"content":{"rendered":"<p>Inspir\u00e9e par les lignes organiques de l&#8217;architecture d&#8217;Antoni Gaud\u00ed et par la richesse tactile des fonds marins m\u00e9diterran\u00e9ens, la collection Barcelona traduit en verre la po\u00e9sie des coquillages, \u00e9cailles et vagues.<\/p>\n","protected":false},"excerpt":{"rendered":"<p>Inspir\u00e9e par les lignes organiques de l&#8217;architecture d&#8217;Antoni Gaud\u00ed et par la richesse tactile des fonds marins m\u00e9diterran\u00e9ens, la collection<\/p>\n","protected":false},"featured_media":31091,"comment_status":"closed","ping_status":"closed","template":"","meta":[],"product_brand":[],"product_cat":[255],"product_tag":[166],"class_list":{"0":"post-50104","1":"product","2":"type-product","3":"status-publish","4":"has-post-thumbnail","6":"product_cat-verres","7":"product_tag-produits-en-ligne","9":"first","10":"instock","11":"shipping-taxable","12":"purchasable","13":"product-type-simple"},"_links":{"self":[{"href":"https:\/\/casacumbia.com\/en\/wp-json\/wp\/v2\/product\/50104","targetHints":{"allow":["GET"]}}],"collection":[{"href":"https:\/\/casacumbia.com\/en\/wp-json\/wp\/v2\/product"}],"about":[{"href":"https:\/\/casacumbia.com\/en\/wp-json\/wp\/v2\/types\/product"}],"replies":[{"embeddable":true,"href":"https:\/\/casacumbia.com\/en\/wp-json\/wp\/v2\/comments?post=50104"}],"version-history":[{"count":1,"href":"https:\/\/casacumbia.com\/en\/wp-json\/wp\/v2\/product\/50104\/revisions"}],"predecessor-version":[{"id":52751,"href":"https:\/\/casacumbia.com\/en\/wp-json\/wp\/v2\/product\/50104\/revisions\/52751"}],"wp:featuredmedia":[{"embeddable":true,"href":"https:\/\/casacumbia.com\/en\/wp-json\/wp\/v2\/media\/31091"}],"wp:attachment":[{"href":"https:\/\/casacumbia.com\/en\/wp-json\/wp\/v2\/media?parent=50104"}],"wp:term":[{"taxonomy":"product_brand","embeddable":true,"href":"https:\/\/casacumbia.com\/en\/wp-json\/wp\/v2\/product_brand?post=50104"},{"taxonomy":"product_cat","embeddable":true,"href":"https:\/\/casacumbia.com\/en\/wp-json\/wp\/v2\/product_cat?post=50104"},{"taxonomy":"product_tag","embeddable":true,"href":"https:\/\/casacumbia.com\/en\/wp-json\/wp\/v2\/product_tag?post=50104"}],"curies":[{"name":"wp","href":"https:\/\/api.w.org\/{rel}","templated":true}]}}