{"id":50101,"date":"2025-07-20T18:17:49","date_gmt":"2025-07-20T16:17:49","guid":{"rendered":"https:\/\/casacumbia.com\/product\/set-de-table-en-bambou-vert-et-noir-lugo\/"},"modified":"2025-09-21T15:13:55","modified_gmt":"2025-09-21T13:13:55","slug":"set-de-table-en-bambou-vert-et-noir-lugo","status":"publish","type":"product","link":"https:\/\/casacumbia.com\/en\/produit\/set-de-table-en-bambou-vert-et-noir-lugo\/","title":{"rendered":"Set de table en Bambou Vert et Noir LUGO"},"content":{"rendered":"<p>La Collection Lugo est une collection de sets de table et de chemins de table d\u00e9coratifs, modernes, fonctionnels et polyvalents. Fabriqu\u00e9s en bambou avec des couleurs vives qui constituent le compl\u00e9ment id\u00e9al pour la d\u00e9coration d&#8217;une salle \u00e0 manger ou pour l&#8217;utilisation quotidienne sur votre table de repas. <\/p>\n","protected":false},"excerpt":{"rendered":"<p>La Collection Lugo est une collection de sets de table et de chemins de table d\u00e9coratifs, modernes, fonctionnels et polyvalents.<\/p>\n","protected":false},"featured_media":31129,"comment_status":"closed","ping_status":"closed","template":"","meta":[],"product_brand":[],"product_cat":[259],"product_tag":[165,166],"class_list":{"0":"post-50101","1":"product","2":"type-product","3":"status-publish","4":"has-post-thumbnail","6":"product_cat-lingetable","7":"product_tag-pas_d_images","8":"product_tag-produits-en-ligne","10":"first","11":"instock","12":"shipping-taxable","13":"purchasable","14":"product-type-simple"},"_links":{"self":[{"href":"https:\/\/casacumbia.com\/en\/wp-json\/wp\/v2\/product\/50101","targetHints":{"allow":["GET"]}}],"collection":[{"href":"https:\/\/casacumbia.com\/en\/wp-json\/wp\/v2\/product"}],"about":[{"href":"https:\/\/casacumbia.com\/en\/wp-json\/wp\/v2\/types\/product"}],"replies":[{"embeddable":true,"href":"https:\/\/casacumbia.com\/en\/wp-json\/wp\/v2\/comments?post=50101"}],"version-history":[{"count":1,"href":"https:\/\/casacumbia.com\/en\/wp-json\/wp\/v2\/product\/50101\/revisions"}],"predecessor-version":[{"id":52763,"href":"https:\/\/casacumbia.com\/en\/wp-json\/wp\/v2\/product\/50101\/revisions\/52763"}],"wp:featuredmedia":[{"embeddable":true,"href":"https:\/\/casacumbia.com\/en\/wp-json\/wp\/v2\/media\/31129"}],"wp:attachment":[{"href":"https:\/\/casacumbia.com\/en\/wp-json\/wp\/v2\/media?parent=50101"}],"wp:term":[{"taxonomy":"product_brand","embeddable":true,"href":"https:\/\/casacumbia.com\/en\/wp-json\/wp\/v2\/product_brand?post=50101"},{"taxonomy":"product_cat","embeddable":true,"href":"https:\/\/casacumbia.com\/en\/wp-json\/wp\/v2\/product_cat?post=50101"},{"taxonomy":"product_tag","embeddable":true,"href":"https:\/\/casacumbia.com\/en\/wp-json\/wp\/v2\/product_tag?post=50101"}],"curies":[{"name":"wp","href":"https:\/\/api.w.org\/{rel}","templated":true}]}}