{"id":50098,"date":"2025-07-20T18:17:49","date_gmt":"2025-07-20T16:17:49","guid":{"rendered":"https:\/\/casacumbia.com\/product\/sets-de-table-individuels-rayures-bleu-et-naturel-indo\/"},"modified":"2025-09-21T15:13:54","modified_gmt":"2025-09-21T13:13:54","slug":"sets-de-table-individuels-rayures-bleu-et-naturel-indo","status":"publish","type":"product","link":"https:\/\/casacumbia.com\/en\/produit\/sets-de-table-individuels-rayures-bleu-et-naturel-indo\/","title":{"rendered":"Set de table Franges Bleu et Naturel INDO"},"content":{"rendered":"<p>La Collection Indo est une collection de sets de table modernes, fonctionnels et polyvalents. Fabriqu\u00e9s en paille et coton, qui associ\u00e9s aux couleurs vives, peuvent \u00eatre le compl\u00e9ment id\u00e9al pour la d\u00e9coration d&#8217;une salle \u00e0 manger ou pour l&#8217;utilisation quotidienne sur votre table de repas. <\/p>\n","protected":false},"excerpt":{"rendered":"<p>La Collection Indo est une collection de sets de table modernes, fonctionnels et polyvalents. Fabriqu\u00e9s en paille et coton, qui<\/p>\n","protected":false},"featured_media":31135,"comment_status":"closed","ping_status":"closed","template":"","meta":[],"product_brand":[],"product_cat":[259],"product_tag":[165,166],"class_list":{"0":"post-50098","1":"product","2":"type-product","3":"status-publish","4":"has-post-thumbnail","6":"product_cat-lingetable","7":"product_tag-pas_d_images","8":"product_tag-produits-en-ligne","10":"first","11":"instock","12":"shipping-taxable","13":"purchasable","14":"product-type-simple"},"_links":{"self":[{"href":"https:\/\/casacumbia.com\/en\/wp-json\/wp\/v2\/product\/50098","targetHints":{"allow":["GET"]}}],"collection":[{"href":"https:\/\/casacumbia.com\/en\/wp-json\/wp\/v2\/product"}],"about":[{"href":"https:\/\/casacumbia.com\/en\/wp-json\/wp\/v2\/types\/product"}],"replies":[{"embeddable":true,"href":"https:\/\/casacumbia.com\/en\/wp-json\/wp\/v2\/comments?post=50098"}],"version-history":[{"count":1,"href":"https:\/\/casacumbia.com\/en\/wp-json\/wp\/v2\/product\/50098\/revisions"}],"predecessor-version":[{"id":53488,"href":"https:\/\/casacumbia.com\/en\/wp-json\/wp\/v2\/product\/50098\/revisions\/53488"}],"wp:featuredmedia":[{"embeddable":true,"href":"https:\/\/casacumbia.com\/en\/wp-json\/wp\/v2\/media\/31135"}],"wp:attachment":[{"href":"https:\/\/casacumbia.com\/en\/wp-json\/wp\/v2\/media?parent=50098"}],"wp:term":[{"taxonomy":"product_brand","embeddable":true,"href":"https:\/\/casacumbia.com\/en\/wp-json\/wp\/v2\/product_brand?post=50098"},{"taxonomy":"product_cat","embeddable":true,"href":"https:\/\/casacumbia.com\/en\/wp-json\/wp\/v2\/product_cat?post=50098"},{"taxonomy":"product_tag","embeddable":true,"href":"https:\/\/casacumbia.com\/en\/wp-json\/wp\/v2\/product_tag?post=50098"}],"curies":[{"name":"wp","href":"https:\/\/api.w.org\/{rel}","templated":true}]}}