{"id":50094,"date":"2025-07-20T18:17:40","date_gmt":"2025-07-20T16:17:40","guid":{"rendered":"https:\/\/casacumbia.com\/product\/boite-a-bijoux-rosa-19x10x5-eternite\/"},"modified":"2025-09-21T15:13:52","modified_gmt":"2025-09-21T13:13:52","slug":"boite-a-bijoux-rosa-19x10x5-eternite","status":"publish","type":"product","link":"https:\/\/casacumbia.com\/en\/produit\/boite-a-bijoux-rosa-19x10x5-eternite\/","title":{"rendered":"Bo\u00eete \u00e0 bijoux rose 19x10x5 ETERNIT\u00c9"},"content":{"rendered":"<p>Eternit\u00e9 est une collection inspir\u00e9e par la beaut\u00e9 intemporelle des moments que nous voulons garder pour toujours. Tout comme les bijoux qu&#8217;elle prot\u00e8ge, chaque pi\u00e8ce de cette collection refl\u00e8te l&#8217;\u00e9l\u00e9gance, le soin et un design pens\u00e9 pour perdurer dans le temps avec sophistication. <\/p>\n<p>Minimaliste, fonctionnelle et raffin\u00e9e, Eternit\u00e9 est plus qu&#8217;un simple accessoire \u2013 c&#8217;est une invitation \u00e0 valoriser ce qui est \u00e9ternel pour vous.<\/p>\n","protected":false},"excerpt":{"rendered":"<p>Eternit\u00e9 est une collection inspir\u00e9e par la beaut\u00e9 intemporelle des moments que nous voulons garder pour toujours. Tout comme les<\/p>\n","protected":false},"featured_media":30986,"comment_status":"closed","ping_status":"closed","template":"","meta":[],"product_brand":[],"product_cat":[290],"product_tag":[165,166],"class_list":{"0":"post-50094","1":"product","2":"type-product","3":"status-publish","4":"has-post-thumbnail","6":"product_cat-boites-paniers","7":"product_tag-pas_d_images","8":"product_tag-produits-en-ligne","10":"first","11":"instock","12":"shipping-taxable","13":"purchasable","14":"product-type-simple"},"_links":{"self":[{"href":"https:\/\/casacumbia.com\/en\/wp-json\/wp\/v2\/product\/50094","targetHints":{"allow":["GET"]}}],"collection":[{"href":"https:\/\/casacumbia.com\/en\/wp-json\/wp\/v2\/product"}],"about":[{"href":"https:\/\/casacumbia.com\/en\/wp-json\/wp\/v2\/types\/product"}],"replies":[{"embeddable":true,"href":"https:\/\/casacumbia.com\/en\/wp-json\/wp\/v2\/comments?post=50094"}],"version-history":[{"count":1,"href":"https:\/\/casacumbia.com\/en\/wp-json\/wp\/v2\/product\/50094\/revisions"}],"predecessor-version":[{"id":52881,"href":"https:\/\/casacumbia.com\/en\/wp-json\/wp\/v2\/product\/50094\/revisions\/52881"}],"wp:featuredmedia":[{"embeddable":true,"href":"https:\/\/casacumbia.com\/en\/wp-json\/wp\/v2\/media\/30986"}],"wp:attachment":[{"href":"https:\/\/casacumbia.com\/en\/wp-json\/wp\/v2\/media?parent=50094"}],"wp:term":[{"taxonomy":"product_brand","embeddable":true,"href":"https:\/\/casacumbia.com\/en\/wp-json\/wp\/v2\/product_brand?post=50094"},{"taxonomy":"product_cat","embeddable":true,"href":"https:\/\/casacumbia.com\/en\/wp-json\/wp\/v2\/product_cat?post=50094"},{"taxonomy":"product_tag","embeddable":true,"href":"https:\/\/casacumbia.com\/en\/wp-json\/wp\/v2\/product_tag?post=50094"}],"curies":[{"name":"wp","href":"https:\/\/api.w.org\/{rel}","templated":true}]}}