{"id":50093,"date":"2025-07-20T18:17:40","date_gmt":"2025-07-20T16:17:40","guid":{"rendered":"https:\/\/casacumbia.com\/product\/petite-lanterne-solaire-comporta\/"},"modified":"2025-09-21T15:13:52","modified_gmt":"2025-09-21T13:13:52","slug":"petite-lanterne-solaire-comporta","status":"publish","type":"product","link":"https:\/\/casacumbia.com\/en\/produit\/petite-lanterne-solaire-comporta\/","title":{"rendered":"Petite Lanterne Solaire COMPORTA"},"content":{"rendered":"<p>Inspir\u00e9e par la s\u00e9r\u00e9nit\u00e9 de la c\u00f4te portugaise et le raffinement artisanal marocain, la collection Comporta unit le meilleur de deux mondes. Des pi\u00e8ces textiles en coton, jute et lin, aux textures naturelles et tons neutres, s&#8217;harmonisent parfaitement avec du mobilier d&#8217;ext\u00e9rieur en mosa\u00efque et des fauteuils \u00e0 bascule, cr\u00e9ant une ambiance de confort et de sophistication en plein air. <\/p>\n<p>Chaque \u00e9l\u00e9ment de cette collection traduit un art de vivre d\u00e9contract\u00e9, o\u00f9 la simplicit\u00e9 s&#8217;allie au d\u00e9tail artisanal. Les coussins rustiques \u00e9voquent la douceur des dunes et la chaleur du sable, tandis que les mosa\u00efques marocaines apportent une touche exotique et sophistiqu\u00e9e. Les fauteuils \u00e0 bascule, avec leur design fluide et naturel, invitent \u00e0 se d\u00e9tendre au rythme du vent et des vagues.  <\/p>\n<p>Comporta est plus qu&#8217;une collection \u2013 c&#8217;est une invitation \u00e0 vivre le luxe simple, entre la nature, le confort et l&#8217;artisanat intemporel.<\/p>\n","protected":false},"excerpt":{"rendered":"<p>Inspir\u00e9e par la s\u00e9r\u00e9nit\u00e9 de la c\u00f4te portugaise et le raffinement artisanal marocain, la collection Comporta unit le meilleur de<\/p>\n","protected":false},"featured_media":31018,"comment_status":"closed","ping_status":"closed","template":"","meta":[],"product_brand":[],"product_cat":[201],"product_tag":[165,166],"class_list":{"0":"post-50093","1":"product","2":"type-product","3":"status-publish","4":"has-post-thumbnail","6":"product_cat-lighting-2","7":"product_tag-pas_d_images","8":"product_tag-produits-en-ligne","10":"first","11":"instock","12":"shipping-taxable","13":"purchasable","14":"product-type-simple"},"_links":{"self":[{"href":"https:\/\/casacumbia.com\/en\/wp-json\/wp\/v2\/product\/50093","targetHints":{"allow":["GET"]}}],"collection":[{"href":"https:\/\/casacumbia.com\/en\/wp-json\/wp\/v2\/product"}],"about":[{"href":"https:\/\/casacumbia.com\/en\/wp-json\/wp\/v2\/types\/product"}],"replies":[{"embeddable":true,"href":"https:\/\/casacumbia.com\/en\/wp-json\/wp\/v2\/comments?post=50093"}],"version-history":[{"count":1,"href":"https:\/\/casacumbia.com\/en\/wp-json\/wp\/v2\/product\/50093\/revisions"}],"predecessor-version":[{"id":52870,"href":"https:\/\/casacumbia.com\/en\/wp-json\/wp\/v2\/product\/50093\/revisions\/52870"}],"wp:featuredmedia":[{"embeddable":true,"href":"https:\/\/casacumbia.com\/en\/wp-json\/wp\/v2\/media\/31018"}],"wp:attachment":[{"href":"https:\/\/casacumbia.com\/en\/wp-json\/wp\/v2\/media?parent=50093"}],"wp:term":[{"taxonomy":"product_brand","embeddable":true,"href":"https:\/\/casacumbia.com\/en\/wp-json\/wp\/v2\/product_brand?post=50093"},{"taxonomy":"product_cat","embeddable":true,"href":"https:\/\/casacumbia.com\/en\/wp-json\/wp\/v2\/product_cat?post=50093"},{"taxonomy":"product_tag","embeddable":true,"href":"https:\/\/casacumbia.com\/en\/wp-json\/wp\/v2\/product_tag?post=50093"}],"curies":[{"name":"wp","href":"https:\/\/api.w.org\/{rel}","templated":true}]}}