{"id":50091,"date":"2025-07-20T18:17:40","date_gmt":"2025-07-20T16:17:40","guid":{"rendered":"https:\/\/casacumbia.com\/product\/boite-a-whisky-et-ustensiles-de-bar\/"},"modified":"2025-09-21T15:13:52","modified_gmt":"2025-09-21T13:13:52","slug":"boite-a-whisky-et-ustensiles-de-bar","status":"publish","type":"product","link":"https:\/\/casacumbia.com\/en\/produit\/boite-a-whisky-et-ustensiles-de-bar\/","title":{"rendered":"Coffret Verre \u00e0 Whisky et Ustensiles BAR"},"content":{"rendered":"<p>La collection BAR rassemble des ustensiles essentiels, con\u00e7us pour durer et impressionner. Avec un design intemporel et une fonctionnalit\u00e9 maximale, elle est le compagnon parfait pour tous les moments de c\u00e9l\u00e9bration \u2014 aujourd&#8217;hui et toujours. <\/p>\n","protected":false},"excerpt":{"rendered":"<p>La collection BAR rassemble des ustensiles essentiels, con\u00e7us pour durer et impressionner. Avec un design intemporel et une fonctionnalit\u00e9 maximale,<\/p>\n","protected":false},"featured_media":31023,"comment_status":"closed","ping_status":"closed","template":"","meta":[],"product_brand":[],"product_cat":[255],"product_tag":[165,166],"class_list":{"0":"post-50091","1":"product","2":"type-product","3":"status-publish","4":"has-post-thumbnail","6":"product_cat-verres","7":"product_tag-pas_d_images","8":"product_tag-produits-en-ligne","10":"first","11":"instock","12":"shipping-taxable","13":"purchasable","14":"product-type-simple"},"_links":{"self":[{"href":"https:\/\/casacumbia.com\/en\/wp-json\/wp\/v2\/product\/50091","targetHints":{"allow":["GET"]}}],"collection":[{"href":"https:\/\/casacumbia.com\/en\/wp-json\/wp\/v2\/product"}],"about":[{"href":"https:\/\/casacumbia.com\/en\/wp-json\/wp\/v2\/types\/product"}],"replies":[{"embeddable":true,"href":"https:\/\/casacumbia.com\/en\/wp-json\/wp\/v2\/comments?post=50091"}],"version-history":[{"count":1,"href":"https:\/\/casacumbia.com\/en\/wp-json\/wp\/v2\/product\/50091\/revisions"}],"predecessor-version":[{"id":52868,"href":"https:\/\/casacumbia.com\/en\/wp-json\/wp\/v2\/product\/50091\/revisions\/52868"}],"wp:featuredmedia":[{"embeddable":true,"href":"https:\/\/casacumbia.com\/en\/wp-json\/wp\/v2\/media\/31023"}],"wp:attachment":[{"href":"https:\/\/casacumbia.com\/en\/wp-json\/wp\/v2\/media?parent=50091"}],"wp:term":[{"taxonomy":"product_brand","embeddable":true,"href":"https:\/\/casacumbia.com\/en\/wp-json\/wp\/v2\/product_brand?post=50091"},{"taxonomy":"product_cat","embeddable":true,"href":"https:\/\/casacumbia.com\/en\/wp-json\/wp\/v2\/product_cat?post=50091"},{"taxonomy":"product_tag","embeddable":true,"href":"https:\/\/casacumbia.com\/en\/wp-json\/wp\/v2\/product_tag?post=50091"}],"curies":[{"name":"wp","href":"https:\/\/api.w.org\/{rel}","templated":true}]}}