{"id":50087,"date":"2025-07-20T18:17:40","date_gmt":"2025-07-20T16:17:40","guid":{"rendered":"https:\/\/casacumbia.com\/product\/chaise-moutarde-avec-pieds-en-metal-noir-ribe\/"},"modified":"2025-09-21T15:13:51","modified_gmt":"2025-09-21T13:13:51","slug":"chaise-moutarde-avec-pieds-en-metal-noir-ribe","status":"publish","type":"product","link":"https:\/\/casacumbia.com\/en\/produit\/chaise-moutarde-avec-pieds-en-metal-noir-ribe\/","title":{"rendered":"Chaise Moutarde avec Pieds en M\u00e9tal Noir RIBE"},"content":{"rendered":"<p>Une collection de chaises minimalistes avec des tissus color\u00e9s et neutres. Sa structure en fer conf\u00e8re durabilit\u00e9 et r\u00e9sistance. La texture des tissus, associ\u00e9e aux couleurs, permet l&#8217;adaptation \u00e0 diff\u00e9rents styles.  <\/p>\n","protected":false},"excerpt":{"rendered":"<p>Une collection de chaises minimalistes avec des tissus color\u00e9s et neutres. Sa structure en fer conf\u00e8re durabilit\u00e9 et r\u00e9sistance. La<\/p>\n","protected":false},"featured_media":31005,"comment_status":"closed","ping_status":"closed","template":"","meta":[],"product_brand":[],"product_cat":[247],"product_tag":[173,165,166],"class_list":{"0":"post-50087","1":"product","2":"type-product","3":"status-publish","4":"has-post-thumbnail","6":"product_cat-meublesalon","7":"product_tag-grandes-dimensions","8":"product_tag-pas_d_images","9":"product_tag-produits-en-ligne","11":"first","12":"instock","13":"shipping-taxable","14":"purchasable","15":"product-type-simple"},"_links":{"self":[{"href":"https:\/\/casacumbia.com\/en\/wp-json\/wp\/v2\/product\/50087","targetHints":{"allow":["GET"]}}],"collection":[{"href":"https:\/\/casacumbia.com\/en\/wp-json\/wp\/v2\/product"}],"about":[{"href":"https:\/\/casacumbia.com\/en\/wp-json\/wp\/v2\/types\/product"}],"replies":[{"embeddable":true,"href":"https:\/\/casacumbia.com\/en\/wp-json\/wp\/v2\/comments?post=50087"}],"version-history":[{"count":1,"href":"https:\/\/casacumbia.com\/en\/wp-json\/wp\/v2\/product\/50087\/revisions"}],"predecessor-version":[{"id":52874,"href":"https:\/\/casacumbia.com\/en\/wp-json\/wp\/v2\/product\/50087\/revisions\/52874"}],"wp:featuredmedia":[{"embeddable":true,"href":"https:\/\/casacumbia.com\/en\/wp-json\/wp\/v2\/media\/31005"}],"wp:attachment":[{"href":"https:\/\/casacumbia.com\/en\/wp-json\/wp\/v2\/media?parent=50087"}],"wp:term":[{"taxonomy":"product_brand","embeddable":true,"href":"https:\/\/casacumbia.com\/en\/wp-json\/wp\/v2\/product_brand?post=50087"},{"taxonomy":"product_cat","embeddable":true,"href":"https:\/\/casacumbia.com\/en\/wp-json\/wp\/v2\/product_cat?post=50087"},{"taxonomy":"product_tag","embeddable":true,"href":"https:\/\/casacumbia.com\/en\/wp-json\/wp\/v2\/product_tag?post=50087"}],"curies":[{"name":"wp","href":"https:\/\/api.w.org\/{rel}","templated":true}]}}