{"id":50084,"date":"2025-07-20T18:17:48","date_gmt":"2025-07-20T16:17:48","guid":{"rendered":"https:\/\/casacumbia.com\/product\/chaise-grise-et-noire-avec-structure-noire-varde\/"},"modified":"2025-09-21T15:13:51","modified_gmt":"2025-09-21T13:13:51","slug":"chaise-grise-et-noire-avec-structure-noire-varde","status":"publish","type":"product","link":"https:\/\/casacumbia.com\/en\/produit\/chaise-grise-et-noire-avec-structure-noire-varde\/","title":{"rendered":"Chaise Grise et Noire avec Structure en Noir VARDE"},"content":{"rendered":"<p>Une collection de chaises minimalistes avec des tissus neutres et textur\u00e9s, o\u00f9 la structure en fer conf\u00e8re durabilit\u00e9 et r\u00e9sistance.<\/p>\n","protected":false},"excerpt":{"rendered":"<p>Une collection de chaises minimalistes avec des tissus neutres et textur\u00e9s, o\u00f9 la structure en fer conf\u00e8re durabilit\u00e9 et r\u00e9sistance.<\/p>\n","protected":false},"featured_media":31036,"comment_status":"closed","ping_status":"closed","template":"","meta":[],"product_brand":[],"product_cat":[247,204],"product_tag":[173,165,166],"class_list":{"0":"post-50084","1":"product","2":"type-product","3":"status-publish","4":"has-post-thumbnail","6":"product_cat-meublesalon","7":"product_cat-promotions-2","8":"product_tag-grandes-dimensions","9":"product_tag-pas_d_images","10":"product_tag-produits-en-ligne","12":"first","13":"instock","14":"sale","15":"shipping-taxable","16":"purchasable","17":"product-type-simple"},"_links":{"self":[{"href":"https:\/\/casacumbia.com\/en\/wp-json\/wp\/v2\/product\/50084","targetHints":{"allow":["GET"]}}],"collection":[{"href":"https:\/\/casacumbia.com\/en\/wp-json\/wp\/v2\/product"}],"about":[{"href":"https:\/\/casacumbia.com\/en\/wp-json\/wp\/v2\/types\/product"}],"replies":[{"embeddable":true,"href":"https:\/\/casacumbia.com\/en\/wp-json\/wp\/v2\/comments?post=50084"}],"version-history":[{"count":1,"href":"https:\/\/casacumbia.com\/en\/wp-json\/wp\/v2\/product\/50084\/revisions"}],"predecessor-version":[{"id":53476,"href":"https:\/\/casacumbia.com\/en\/wp-json\/wp\/v2\/product\/50084\/revisions\/53476"}],"wp:featuredmedia":[{"embeddable":true,"href":"https:\/\/casacumbia.com\/en\/wp-json\/wp\/v2\/media\/31036"}],"wp:attachment":[{"href":"https:\/\/casacumbia.com\/en\/wp-json\/wp\/v2\/media?parent=50084"}],"wp:term":[{"taxonomy":"product_brand","embeddable":true,"href":"https:\/\/casacumbia.com\/en\/wp-json\/wp\/v2\/product_brand?post=50084"},{"taxonomy":"product_cat","embeddable":true,"href":"https:\/\/casacumbia.com\/en\/wp-json\/wp\/v2\/product_cat?post=50084"},{"taxonomy":"product_tag","embeddable":true,"href":"https:\/\/casacumbia.com\/en\/wp-json\/wp\/v2\/product_tag?post=50084"}],"curies":[{"name":"wp","href":"https:\/\/api.w.org\/{rel}","templated":true}]}}