{"id":50077,"date":"2025-07-20T18:17:40","date_gmt":"2025-07-20T16:17:40","guid":{"rendered":"https:\/\/casacumbia.com\/product\/boite-de-bowling-de-table-en-bois-games\/"},"modified":"2025-09-21T15:13:49","modified_gmt":"2025-09-21T13:13:49","slug":"boite-de-bowling-de-table-en-bois-games","status":"publish","type":"product","link":"https:\/\/casacumbia.com\/en\/produit\/boite-de-bowling-de-table-en-bois-games\/","title":{"rendered":"Jeu de Bowling de Table en Bois GAMES"},"content":{"rendered":"<p>Des classiques qui ne se d\u00e9modent jamais. La collection GAMES rassemble des jeux de soci\u00e9t\u00e9 intemporels, id\u00e9aux pour des moments de convivialit\u00e9 en famille ou entre amis. Avec un design soign\u00e9 et des mat\u00e9riaux attrayants, ils sont parfaits aussi bien pour jouer que pour d\u00e9corer. Plaisir garanti, jour apr\u00e8s jour.   <\/p>\n","protected":false},"excerpt":{"rendered":"<p>Des classiques qui ne se d\u00e9modent jamais. La collection GAMES rassemble des jeux de soci\u00e9t\u00e9 intemporels, id\u00e9aux pour des moments<\/p>\n","protected":false},"featured_media":30971,"comment_status":"closed","ping_status":"closed","template":"","meta":[],"product_brand":[],"product_cat":[171],"product_tag":[165,166],"class_list":{"0":"post-50077","1":"product","2":"type-product","3":"status-publish","4":"has-post-thumbnail","6":"product_cat-table-2","7":"product_tag-pas_d_images","8":"product_tag-produits-en-ligne","10":"first","11":"instock","12":"shipping-taxable","13":"purchasable","14":"product-type-simple"},"_links":{"self":[{"href":"https:\/\/casacumbia.com\/en\/wp-json\/wp\/v2\/product\/50077","targetHints":{"allow":["GET"]}}],"collection":[{"href":"https:\/\/casacumbia.com\/en\/wp-json\/wp\/v2\/product"}],"about":[{"href":"https:\/\/casacumbia.com\/en\/wp-json\/wp\/v2\/types\/product"}],"replies":[{"embeddable":true,"href":"https:\/\/casacumbia.com\/en\/wp-json\/wp\/v2\/comments?post=50077"}],"version-history":[{"count":1,"href":"https:\/\/casacumbia.com\/en\/wp-json\/wp\/v2\/product\/50077\/revisions"}],"predecessor-version":[{"id":52752,"href":"https:\/\/casacumbia.com\/en\/wp-json\/wp\/v2\/product\/50077\/revisions\/52752"}],"wp:featuredmedia":[{"embeddable":true,"href":"https:\/\/casacumbia.com\/en\/wp-json\/wp\/v2\/media\/30971"}],"wp:attachment":[{"href":"https:\/\/casacumbia.com\/en\/wp-json\/wp\/v2\/media?parent=50077"}],"wp:term":[{"taxonomy":"product_brand","embeddable":true,"href":"https:\/\/casacumbia.com\/en\/wp-json\/wp\/v2\/product_brand?post=50077"},{"taxonomy":"product_cat","embeddable":true,"href":"https:\/\/casacumbia.com\/en\/wp-json\/wp\/v2\/product_cat?post=50077"},{"taxonomy":"product_tag","embeddable":true,"href":"https:\/\/casacumbia.com\/en\/wp-json\/wp\/v2\/product_tag?post=50077"}],"curies":[{"name":"wp","href":"https:\/\/api.w.org\/{rel}","templated":true}]}}