{"id":50063,"date":"2025-07-20T18:17:21","date_gmt":"2025-07-20T16:17:21","guid":{"rendered":"https:\/\/casacumbia.com\/product\/housse-de-coussin-chat-pelucheux-cozy\/"},"modified":"2025-09-21T15:13:45","modified_gmt":"2025-09-21T13:13:45","slug":"housse-de-coussin-chat-pelucheux-cozy","status":"publish","type":"product","link":"https:\/\/casacumbia.com\/en\/produit\/housse-de-coussin-chat-pelucheux-cozy\/","title":{"rendered":"Housse de Coussin Furry Cat COZY"},"content":{"rendered":"<p>Apportez une touche chaleureuse et amusante \u00e0 votre d\u00e9coration avec la housse de coussin marron Furry Cat, de la collection COZY. Avec des dimensions de 45&#215;45 cm, cette pi\u00e8ce pr\u00e9sente un design charmant qui combine texture douce et aspect d\u00e9contract\u00e9, parfait pour cr\u00e9er un environnement confortable et plein de personnalit\u00e9. <\/p>\n<p>Produite dans des mat\u00e9riaux de haute qualit\u00e9, cette housse allie style et fonctionnalit\u00e9. Le design by casacumbia garantit l&#8217;exclusivit\u00e9, en faisant un choix id\u00e9al pour compl\u00e9ter les espaces modernes et chaleureux. <\/p>\n","protected":false},"excerpt":{"rendered":"<p>Apportez une touche chaleureuse et amusante \u00e0 votre d\u00e9coration avec la housse de coussin marron Furry Cat, de la collection<\/p>\n","protected":false},"featured_media":30729,"comment_status":"closed","ping_status":"closed","template":"","meta":[],"product_brand":[],"product_cat":[238,182,204],"product_tag":[181,176,166],"class_list":{"0":"post-50063","1":"product","2":"type-product","3":"status-publish","4":"has-post-thumbnail","6":"product_cat-coussins","7":"product_cat-textiles-2","8":"product_cat-promotions-2","9":"product_tag-integre-pim","10":"product_tag-petites-dimensions","11":"product_tag-produits-en-ligne","13":"first","14":"instock","15":"sale","16":"shipping-taxable","17":"purchasable","18":"product-type-simple"},"_links":{"self":[{"href":"https:\/\/casacumbia.com\/en\/wp-json\/wp\/v2\/product\/50063","targetHints":{"allow":["GET"]}}],"collection":[{"href":"https:\/\/casacumbia.com\/en\/wp-json\/wp\/v2\/product"}],"about":[{"href":"https:\/\/casacumbia.com\/en\/wp-json\/wp\/v2\/types\/product"}],"replies":[{"embeddable":true,"href":"https:\/\/casacumbia.com\/en\/wp-json\/wp\/v2\/comments?post=50063"}],"version-history":[{"count":2,"href":"https:\/\/casacumbia.com\/en\/wp-json\/wp\/v2\/product\/50063\/revisions"}],"predecessor-version":[{"id":54069,"href":"https:\/\/casacumbia.com\/en\/wp-json\/wp\/v2\/product\/50063\/revisions\/54069"}],"wp:featuredmedia":[{"embeddable":true,"href":"https:\/\/casacumbia.com\/en\/wp-json\/wp\/v2\/media\/30729"}],"wp:attachment":[{"href":"https:\/\/casacumbia.com\/en\/wp-json\/wp\/v2\/media?parent=50063"}],"wp:term":[{"taxonomy":"product_brand","embeddable":true,"href":"https:\/\/casacumbia.com\/en\/wp-json\/wp\/v2\/product_brand?post=50063"},{"taxonomy":"product_cat","embeddable":true,"href":"https:\/\/casacumbia.com\/en\/wp-json\/wp\/v2\/product_cat?post=50063"},{"taxonomy":"product_tag","embeddable":true,"href":"https:\/\/casacumbia.com\/en\/wp-json\/wp\/v2\/product_tag?post=50063"}],"curies":[{"name":"wp","href":"https:\/\/api.w.org\/{rel}","templated":true}]}}